{"id":492,"date":"2023-08-28T08:55:55","date_gmt":"2023-08-28T08:55:55","guid":{"rendered":"https:\/\/fzxinxu.com\/?post_type=product&#038;p=492"},"modified":"2023-08-28T08:59:05","modified_gmt":"2023-08-28T08:59:05","slug":"couvercle-detancheite-parallele-lavable-7050-1610","status":"publish","type":"product","link":"https:\/\/www.fzxinxu.com\/fr\/product\/couvercle-detancheite-parallele-lavable-7050-1610\/","title":{"rendered":"Couvercle d'\u00e9tanch\u00e9it\u00e9 parall\u00e8le lavable (7050-1610)"},"content":{"rendered":"<p>Couvercle plat KOVAR FLAT LIDS<\/p>\n<p>Toute machine \u00e0 sceller automatique dot\u00e9e d'une fonction de contr\u00f4le de la position du PKG pour le couvercle peut \u00eatre utilis\u00e9e.<\/p>\n<p>R\u00e9duction des co\u00fbts gr\u00e2ce \u00e0 la technologie du moulage sous presse<\/p>\n<p>L'\u00e9paisseur de la couverture peut \u00eatre r\u00e9gl\u00e9e dans une certaine fourchette<\/p>\n<p>Principalement utilis\u00e9 dans les oscillateurs \u00e0 cristaux : 7050, 6053, 5032, 3225, 2520, 2016, 1612, 1210 ; plaque de recouvrement plate pour les fabricants d'ondes acoustiques de surface 13.3*6.5, 5050, 5035, 3838, 3030, 2520 ;<\/p>","protected":false},"excerpt":{"rendered":"<p>Plaque de couverture plate KOVAR FLAT LIDS Une machine \u00e0 sceller automatique avec confirmation de la position de la plaque de couverture PKG est disponible La technologie d'emboutissage et de moulage est utilis\u00e9e pour r\u00e9duire les co\u00fbts L'\u00e9paisseur de la plaque de couverture peut \u00eatre ajust\u00e9e dans une certaine fourchette.<\/p>","protected":false},"featured_media":485,"comment_status":"open","ping_status":"closed","template":"","meta":[],"product_brand":[],"product_cat":[21],"product_tag":[],"class_list":{"0":"post-492","1":"product","2":"type-product","3":"status-publish","4":"has-post-thumbnail","6":"product_cat-others","8":"first","9":"instock","10":"shipping-taxable","11":"product-type-simple"},"yoast_head":"<!-- This site is optimized with the Yoast SEO plugin v27.4 - https:\/\/yoast.com\/product\/yoast-seo-wordpress\/ -->\n<title>\u53ef\u4f10\u5e73\u884c\u5c01\u710a\u4e0a\u76d6\uff087050-1610\uff09 - \u798f\u5dde\u82af\u65ed\u79d1\u6280- \u4e13\u6ce8\u4e8e\u5c01\u88c5\u5916\u58f3| \u5c01\u88c5\u914d\u4ef6| IC\u5c01\u88c5| \u591a\u5c42\u9676\u74f7\u5916\u58f3 | \u9ed1\u9676\u74f7\u5916\u58f3 | \u5fae\u6676\u73bb\u7483\u5916\u58f3 | T0\u7ba1\u5e3d | \u8fc7\u5ea6\u7247 | \u53ef\u4f10\u6846 | \u91d1\u5c5e\u4e0a\u76d6 | \u5f15\u7ebf\u6846\u67b6 | \u4eca\u9521\u76d6\u677f<\/title>\n<meta name=\"robots\" content=\"index, follow, max-snippet:-1, max-image-preview:large, max-video-preview:-1\" \/>\n<link rel=\"canonical\" href=\"https:\/\/www.fzxinxu.com\/fr\/product\/couvercle-detancheite-parallele-lavable-7050-1610\/\" \/>\n<meta property=\"og:locale\" content=\"fr_FR\" \/>\n<meta property=\"og:type\" content=\"article\" \/>\n<meta property=\"og:title\" content=\"\u53ef\u4f10\u5e73\u884c\u5c01\u710a\u4e0a\u76d6\uff087050-1610\uff09 - \u798f\u5dde\u82af\u65ed\u79d1\u6280- \u4e13\u6ce8\u4e8e\u5c01\u88c5\u5916\u58f3| \u5c01\u88c5\u914d\u4ef6| IC\u5c01\u88c5| \u591a\u5c42\u9676\u74f7\u5916\u58f3 | \u9ed1\u9676\u74f7\u5916\u58f3 | \u5fae\u6676\u73bb\u7483\u5916\u58f3 | T0\u7ba1\u5e3d | \u8fc7\u5ea6\u7247 | \u53ef\u4f10\u6846 | \u91d1\u5c5e\u4e0a\u76d6 | \u5f15\u7ebf\u6846\u67b6 | \u4eca\u9521\u76d6\u677f\" \/>\n<meta property=\"og:description\" content=\"\u5e73\u677f\u76d6\u677f\u00a0KOVAR\u00a0FLAT\u00a0LIDS\u5177\u6709PKG\u76f8\u5bf9\u76d6\u677f\u4f4d\u7f6e\u786e\u8ba4\u529f\u80fd\u7684\u81ea\u52a8\u5c01\u710a\u673a\u5747\u53ef\u4f7f\u7528\u91c7\u7528\u51b2\u538b\u6210\u578b\u6280\u672f\u6210\u672c\u8f83\u4f4e\u76d6\u677f\u7684\u539a\u5ea6\u5728\u4e00\u5b9a\u8303\u56f4\u5185\u53ef\u8c03\u6574\" \/>\n<meta property=\"og:url\" content=\"https:\/\/www.fzxinxu.com\/fr\/product\/couvercle-detancheite-parallele-lavable-7050-1610\/\" \/>\n<meta property=\"og:site_name\" content=\"\u798f\u5dde\u82af\u65ed\u79d1\u6280- \u4e13\u6ce8\u4e8e\u5c01\u88c5\u5916\u58f3| \u5c01\u88c5\u914d\u4ef6| IC\u5c01\u88c5| \u591a\u5c42\u9676\u74f7\u5916\u58f3 | \u9ed1\u9676\u74f7\u5916\u58f3 | \u5fae\u6676\u73bb\u7483\u5916\u58f3 | T0\u7ba1\u5e3d | \u8fc7\u5ea6\u7247 | \u53ef\u4f10\u6846 | \u91d1\u5c5e\u4e0a\u76d6 | \u5f15\u7ebf\u6846\u67b6 | \u4eca\u9521\u76d6\u677f\" \/>\n<meta property=\"article:modified_time\" content=\"2023-08-28T08:59:05+00:00\" \/>\n<meta property=\"og:image\" content=\"https:\/\/www.fzxinxu.com\/wp-content\/uploads\/2023\/08\/product-image-1.gif\" \/>\n\t<meta property=\"og:image:width\" content=\"800\" \/>\n\t<meta property=\"og:image:height\" content=\"800\" \/>\n\t<meta property=\"og:image:type\" content=\"image\/gif\" \/>\n<meta name=\"twitter:card\" content=\"summary_large_image\" \/>\n<script type=\"application\/ld+json\" class=\"yoast-schema-graph\">{\"@context\":\"https:\\\/\\\/schema.org\",\"@graph\":[{\"@type\":\"WebPage\",\"@id\":\"https:\\\/\\\/www.fzxinxu.com\\\/product\\\/%e5%8f%af%e4%bc%90%e5%b9%b3%e8%a1%8c%e5%b0%81%e7%84%8a%e4%b8%8a%e7%9b%96%ef%bc%887050-1610%ef%bc%89\\\/\",\"url\":\"https:\\\/\\\/www.fzxinxu.com\\\/product\\\/%e5%8f%af%e4%bc%90%e5%b9%b3%e8%a1%8c%e5%b0%81%e7%84%8a%e4%b8%8a%e7%9b%96%ef%bc%887050-1610%ef%bc%89\\\/\",\"name\":\"\u53ef\u4f10\u5e73\u884c\u5c01\u710a\u4e0a\u76d6\uff087050-1610\uff09 - \u798f\u5dde\u82af\u65ed\u79d1\u6280- \u4e13\u6ce8\u4e8e\u5c01\u88c5\u5916\u58f3| \u5c01\u88c5\u914d\u4ef6| IC\u5c01\u88c5| \u591a\u5c42\u9676\u74f7\u5916\u58f3 | \u9ed1\u9676\u74f7\u5916\u58f3 | \u5fae\u6676\u73bb\u7483\u5916\u58f3 | T0\u7ba1\u5e3d | \u8fc7\u5ea6\u7247 | \u53ef\u4f10\u6846 | \u91d1\u5c5e\u4e0a\u76d6 | \u5f15\u7ebf\u6846\u67b6 | \u4eca\u9521\u76d6\u677f\",\"isPartOf\":{\"@id\":\"https:\\\/\\\/www.fzxinxu.com\\\/#website\"},\"primaryImageOfPage\":{\"@id\":\"https:\\\/\\\/www.fzxinxu.com\\\/product\\\/%e5%8f%af%e4%bc%90%e5%b9%b3%e8%a1%8c%e5%b0%81%e7%84%8a%e4%b8%8a%e7%9b%96%ef%bc%887050-1610%ef%bc%89\\\/#primaryimage\"},\"image\":{\"@id\":\"https:\\\/\\\/www.fzxinxu.com\\\/product\\\/%e5%8f%af%e4%bc%90%e5%b9%b3%e8%a1%8c%e5%b0%81%e7%84%8a%e4%b8%8a%e7%9b%96%ef%bc%887050-1610%ef%bc%89\\\/#primaryimage\"},\"thumbnailUrl\":\"https:\\\/\\\/www.fzxinxu.com\\\/wp-content\\\/uploads\\\/2023\\\/08\\\/product-image-1.gif\",\"datePublished\":\"2023-08-28T08:55:55+00:00\",\"dateModified\":\"2023-08-28T08:59:05+00:00\",\"breadcrumb\":{\"@id\":\"https:\\\/\\\/www.fzxinxu.com\\\/product\\\/%e5%8f%af%e4%bc%90%e5%b9%b3%e8%a1%8c%e5%b0%81%e7%84%8a%e4%b8%8a%e7%9b%96%ef%bc%887050-1610%ef%bc%89\\\/#breadcrumb\"},\"inLanguage\":\"fr-FR\",\"potentialAction\":[{\"@type\":\"ReadAction\",\"target\":[\"https:\\\/\\\/www.fzxinxu.com\\\/product\\\/%e5%8f%af%e4%bc%90%e5%b9%b3%e8%a1%8c%e5%b0%81%e7%84%8a%e4%b8%8a%e7%9b%96%ef%bc%887050-1610%ef%bc%89\\\/\"]}]},{\"@type\":\"ImageObject\",\"inLanguage\":\"fr-FR\",\"@id\":\"https:\\\/\\\/www.fzxinxu.com\\\/product\\\/%e5%8f%af%e4%bc%90%e5%b9%b3%e8%a1%8c%e5%b0%81%e7%84%8a%e4%b8%8a%e7%9b%96%ef%bc%887050-1610%ef%bc%89\\\/#primaryimage\",\"url\":\"https:\\\/\\\/www.fzxinxu.com\\\/wp-content\\\/uploads\\\/2023\\\/08\\\/product-image-1.gif\",\"contentUrl\":\"https:\\\/\\\/www.fzxinxu.com\\\/wp-content\\\/uploads\\\/2023\\\/08\\\/product-image-1.gif\",\"width\":800,\"height\":800},{\"@type\":\"BreadcrumbList\",\"@id\":\"https:\\\/\\\/www.fzxinxu.com\\\/product\\\/%e5%8f%af%e4%bc%90%e5%b9%b3%e8%a1%8c%e5%b0%81%e7%84%8a%e4%b8%8a%e7%9b%96%ef%bc%887050-1610%ef%bc%89\\\/#breadcrumb\",\"itemListElement\":[{\"@type\":\"ListItem\",\"position\":1,\"name\":\"\u9996\u9875\",\"item\":\"https:\\\/\\\/www.fzxinxu.com\\\/\"},{\"@type\":\"ListItem\",\"position\":2,\"name\":\"\u5546\u5e97\",\"item\":\"https:\\\/\\\/www.fzxinxu.com\\\/shop\\\/\"},{\"@type\":\"ListItem\",\"position\":3,\"name\":\"\u53ef\u4f10\u5e73\u884c\u5c01\u710a\u4e0a\u76d6\uff087050-1610\uff09\"}]},{\"@type\":\"WebSite\",\"@id\":\"https:\\\/\\\/www.fzxinxu.com\\\/#website\",\"url\":\"https:\\\/\\\/www.fzxinxu.com\\\/\",\"name\":\"\u798f\u5dde\u82af\u65ed\u79d1\u6280- \u4e13\u6ce8\u4e8e\u5c01\u88c5\u5916\u58f3| \u5c01\u88c5\u914d\u4ef6| IC\u5c01\u88c5| \u591a\u5c42\u9676\u74f7\u5916\u58f3 | \u9ed1\u9676\u74f7\u5916\u58f3 | \u5fae\u6676\u73bb\u7483\u5916\u58f3 | T0\u7ba1\u5e3d | \u8fc7\u5ea6\u7247 | \u53ef\u4f10\u6846 | \u91d1\u5c5e\u4e0a\u76d6 | \u5f15\u7ebf\u6846\u67b6 | \u4eca\u9521\u76d6\u677f\",\"description\":\"\",\"potentialAction\":[{\"@type\":\"SearchAction\",\"target\":{\"@type\":\"EntryPoint\",\"urlTemplate\":\"https:\\\/\\\/www.fzxinxu.com\\\/?s={search_term_string}\"},\"query-input\":{\"@type\":\"PropertyValueSpecification\",\"valueRequired\":true,\"valueName\":\"search_term_string\"}}],\"inLanguage\":\"fr-FR\"}]}<\/script>\n<!-- \/ Yoast SEO plugin. -->","yoast_head_json":{"title":"Lavable Parallel Soldermask (7050-1610) - Corex Technology Corporation - Focus on Packaging Enclosure | Packaging Accessories | IC Packaging | Multilayer Ceramic Enclosure | Black Ceramic Enclosure | Microcrystalline Glass Enclosure | T0 Cap | Transition Tab | Lavable Frames | Metal Top Cover | Leadframes | Today's Tin Covers","robots":{"index":"index","follow":"follow","max-snippet":"max-snippet:-1","max-image-preview":"max-image-preview:large","max-video-preview":"max-video-preview:-1"},"canonical":"https:\/\/www.fzxinxu.com\/fr\/product\/couvercle-detancheite-parallele-lavable-7050-1610\/","og_locale":"fr_FR","og_type":"article","og_title":"\u53ef\u4f10\u5e73\u884c\u5c01\u710a\u4e0a\u76d6\uff087050-1610\uff09 - \u798f\u5dde\u82af\u65ed\u79d1\u6280- \u4e13\u6ce8\u4e8e\u5c01\u88c5\u5916\u58f3| \u5c01\u88c5\u914d\u4ef6| IC\u5c01\u88c5| \u591a\u5c42\u9676\u74f7\u5916\u58f3 | \u9ed1\u9676\u74f7\u5916\u58f3 | \u5fae\u6676\u73bb\u7483\u5916\u58f3 | T0\u7ba1\u5e3d | \u8fc7\u5ea6\u7247 | \u53ef\u4f10\u6846 | \u91d1\u5c5e\u4e0a\u76d6 | \u5f15\u7ebf\u6846\u67b6 | \u4eca\u9521\u76d6\u677f","og_description":"\u5e73\u677f\u76d6\u677f\u00a0KOVAR\u00a0FLAT\u00a0LIDS\u5177\u6709PKG\u76f8\u5bf9\u76d6\u677f\u4f4d\u7f6e\u786e\u8ba4\u529f\u80fd\u7684\u81ea\u52a8\u5c01\u710a\u673a\u5747\u53ef\u4f7f\u7528\u91c7\u7528\u51b2\u538b\u6210\u578b\u6280\u672f\u6210\u672c\u8f83\u4f4e\u76d6\u677f\u7684\u539a\u5ea6\u5728\u4e00\u5b9a\u8303\u56f4\u5185\u53ef\u8c03\u6574","og_url":"https:\/\/www.fzxinxu.com\/fr\/product\/couvercle-detancheite-parallele-lavable-7050-1610\/","og_site_name":"\u798f\u5dde\u82af\u65ed\u79d1\u6280- \u4e13\u6ce8\u4e8e\u5c01\u88c5\u5916\u58f3| \u5c01\u88c5\u914d\u4ef6| IC\u5c01\u88c5| \u591a\u5c42\u9676\u74f7\u5916\u58f3 | \u9ed1\u9676\u74f7\u5916\u58f3 | \u5fae\u6676\u73bb\u7483\u5916\u58f3 | T0\u7ba1\u5e3d | \u8fc7\u5ea6\u7247 | \u53ef\u4f10\u6846 | \u91d1\u5c5e\u4e0a\u76d6 | \u5f15\u7ebf\u6846\u67b6 | \u4eca\u9521\u76d6\u677f","article_modified_time":"2023-08-28T08:59:05+00:00","og_image":[{"width":800,"height":800,"url":"https:\/\/www.fzxinxu.com\/wp-content\/uploads\/2023\/08\/product-image-1.gif","type":"image\/gif"}],"twitter_card":"summary_large_image","schema":{"@context":"https:\/\/schema.org","@graph":[{"@type":"WebPage","@id":"https:\/\/www.fzxinxu.com\/product\/%e5%8f%af%e4%bc%90%e5%b9%b3%e8%a1%8c%e5%b0%81%e7%84%8a%e4%b8%8a%e7%9b%96%ef%bc%887050-1610%ef%bc%89\/","url":"https:\/\/www.fzxinxu.com\/product\/%e5%8f%af%e4%bc%90%e5%b9%b3%e8%a1%8c%e5%b0%81%e7%84%8a%e4%b8%8a%e7%9b%96%ef%bc%887050-1610%ef%bc%89\/","name":"Lavable Parallel Soldermask (7050-1610) - Corex Technology Corporation - Focus on Packaging Enclosure | Packaging Accessories | IC Packaging | Multilayer Ceramic Enclosure | Black Ceramic Enclosure | Microcrystalline Glass Enclosure | T0 Cap | Transition Tab | Lavable Frames | Metal Top Cover | Leadframes | Today's Tin Covers","isPartOf":{"@id":"https:\/\/www.fzxinxu.com\/#website"},"primaryImageOfPage":{"@id":"https:\/\/www.fzxinxu.com\/product\/%e5%8f%af%e4%bc%90%e5%b9%b3%e8%a1%8c%e5%b0%81%e7%84%8a%e4%b8%8a%e7%9b%96%ef%bc%887050-1610%ef%bc%89\/#primaryimage"},"image":{"@id":"https:\/\/www.fzxinxu.com\/product\/%e5%8f%af%e4%bc%90%e5%b9%b3%e8%a1%8c%e5%b0%81%e7%84%8a%e4%b8%8a%e7%9b%96%ef%bc%887050-1610%ef%bc%89\/#primaryimage"},"thumbnailUrl":"https:\/\/www.fzxinxu.com\/wp-content\/uploads\/2023\/08\/product-image-1.gif","datePublished":"2023-08-28T08:55:55+00:00","dateModified":"2023-08-28T08:59:05+00:00","breadcrumb":{"@id":"https:\/\/www.fzxinxu.com\/product\/%e5%8f%af%e4%bc%90%e5%b9%b3%e8%a1%8c%e5%b0%81%e7%84%8a%e4%b8%8a%e7%9b%96%ef%bc%887050-1610%ef%bc%89\/#breadcrumb"},"inLanguage":"fr-FR","potentialAction":[{"@type":"ReadAction","target":["https:\/\/www.fzxinxu.com\/product\/%e5%8f%af%e4%bc%90%e5%b9%b3%e8%a1%8c%e5%b0%81%e7%84%8a%e4%b8%8a%e7%9b%96%ef%bc%887050-1610%ef%bc%89\/"]}]},{"@type":"ImageObject","inLanguage":"fr-FR","@id":"https:\/\/www.fzxinxu.com\/product\/%e5%8f%af%e4%bc%90%e5%b9%b3%e8%a1%8c%e5%b0%81%e7%84%8a%e4%b8%8a%e7%9b%96%ef%bc%887050-1610%ef%bc%89\/#primaryimage","url":"https:\/\/www.fzxinxu.com\/wp-content\/uploads\/2023\/08\/product-image-1.gif","contentUrl":"https:\/\/www.fzxinxu.com\/wp-content\/uploads\/2023\/08\/product-image-1.gif","width":800,"height":800},{"@type":"BreadcrumbList","@id":"https:\/\/www.fzxinxu.com\/product\/%e5%8f%af%e4%bc%90%e5%b9%b3%e8%a1%8c%e5%b0%81%e7%84%8a%e4%b8%8a%e7%9b%96%ef%bc%887050-1610%ef%bc%89\/#breadcrumb","itemListElement":[{"@type":"ListItem","position":1,"name":"\u9996\u9875","item":"https:\/\/www.fzxinxu.com\/"},{"@type":"ListItem","position":2,"name":"\u5546\u5e97","item":"https:\/\/www.fzxinxu.com\/shop\/"},{"@type":"ListItem","position":3,"name":"\u53ef\u4f10\u5e73\u884c\u5c01\u710a\u4e0a\u76d6\uff087050-1610\uff09"}]},{"@type":"WebSite","@id":"https:\/\/www.fzxinxu.com\/#website","url":"https:\/\/www.fzxinxu.com\/","name":"Corex Technology - Bo\u00eetier d'emballage | Accessoires d'emballage | Emballage de circuits int\u00e9gr\u00e9s | Bo\u00eetier en c\u00e9ramique multicouche | Bo\u00eetier en c\u00e9ramique noire | Bo\u00eetier en verre microcristallin | Capuchon T0 | T\u00f4le exc\u00e9dentaire | Cadres amovibles | Capot sup\u00e9rieur en m\u00e9tal | Cadres de plomb | Couvercles \u00e9tam\u00e9s aujourd'hui","description":"","potentialAction":[{"@type":"SearchAction","target":{"@type":"EntryPoint","urlTemplate":"https:\/\/www.fzxinxu.com\/?s={search_term_string}"},"query-input":{"@type":"PropertyValueSpecification","valueRequired":true,"valueName":"search_term_string"}}],"inLanguage":"fr-FR"}]}},"_links":{"self":[{"href":"https:\/\/www.fzxinxu.com\/fr\/wp-json\/wp\/v2\/product\/492","targetHints":{"allow":["GET"]}}],"collection":[{"href":"https:\/\/www.fzxinxu.com\/fr\/wp-json\/wp\/v2\/product"}],"about":[{"href":"https:\/\/www.fzxinxu.com\/fr\/wp-json\/wp\/v2\/types\/product"}],"replies":[{"embeddable":true,"href":"https:\/\/www.fzxinxu.com\/fr\/wp-json\/wp\/v2\/comments?post=492"}],"wp:featuredmedia":[{"embeddable":true,"href":"https:\/\/www.fzxinxu.com\/fr\/wp-json\/wp\/v2\/media\/485"}],"wp:attachment":[{"href":"https:\/\/www.fzxinxu.com\/fr\/wp-json\/wp\/v2\/media?parent=492"}],"wp:term":[{"taxonomy":"product_brand","embeddable":true,"href":"https:\/\/www.fzxinxu.com\/fr\/wp-json\/wp\/v2\/product_brand?post=492"},{"taxonomy":"product_cat","embeddable":true,"href":"https:\/\/www.fzxinxu.com\/fr\/wp-json\/wp\/v2\/product_cat?post=492"},{"taxonomy":"product_tag","embeddable":true,"href":"https:\/\/www.fzxinxu.com\/fr\/wp-json\/wp\/v2\/product_tag?post=492"}],"curies":[{"name":"wp","href":"https:\/\/api.w.org\/{rel}","templated":true}]}}