{"id":2,"date":"2023-07-20T09:47:55","date_gmt":"2023-07-20T09:47:55","guid":{"rendered":"https:\/\/fzxinxu.com\/?page_id=2"},"modified":"2023-07-20T09:47:55","modified_gmt":"2023-07-20T09:47:55","slug":"page-dexemple","status":"publish","type":"page","link":"https:\/\/www.fzxinxu.com\/fr\/page-dexemple\/","title":{"rendered":"Exemple de page"},"content":{"rendered":"<p>Il diff\u00e8re d'un article de blog car il reste au m\u00eame endroit et appara\u00eet dans la navigation de votre site (dans la plupart des cas, il s'agit d'une page de pr\u00e9sentation). La plupart des gens commencent par une page \"\u00c0 propos\" qui les pr\u00e9sente aux visiteurs potentiels du site.) La plupart des gens commencent par une page \"\u00c0 propos\" qui les pr\u00e9sente aux visiteurs potentiels du site. Elle pourrait dire quelque chose comme ceci.<\/p>\n\n\n\n<blockquote class=\"wp-block-quote is-layout-flow wp-block-quote-is-layout-flow\"><p>Je vis \u00e0 Los Angeles, j'ai un super chien qui s'appelle Jack, et j'aime les pi\u00f1a coladas (et me faire surprendre par la pluie). J'habite \u00e0 Los Angeles, j'ai un super chien qui s'appelle Jack, et j'aime les pi\u00f1a coladas (et me faire surprendre par la pluie).<\/p><\/blockquote>\n\n\n\n<p>...ou quelque chose comme \u00e7a.<\/p>\n\n\n\n<blockquote class=\"wp-block-quote is-layout-flow wp-block-quote-is-layout-flow\"><p>La soci\u00e9t\u00e9 XYZ Doohickey Company a \u00e9t\u00e9 fond\u00e9e en 1971 et fournit depuis lors des doohickeys de qualit\u00e9 au public. Situ\u00e9e \u00e0 Gotham City, XYZ emploie plus de 2 000 personnes et r\u00e9alise toutes sortes de choses extraordinaires pour la communaut\u00e9 de Gotham. XYZ emploie plus de 2 000 personnes et r\u00e9alise toutes sortes de choses extraordinaires pour la communaut\u00e9 de Gotham.<\/p><\/blockquote>\n\n\n\n<p>En tant que nouvel utilisateur de WordPress, vous devez vous rendre \u00e0 l'adresse suivante <a href=\"https:\/\/fzxinxu.com\/wp-admin\/\">votre tableau de bord<\/a> pour supprimer cette page et cr\u00e9er de nouvelles pages pour votre contenu. Amusez-vous bien !<\/p>","protected":false},"excerpt":{"rendered":"<p>This is an example page. It&#8217;s different from a bl [&hellip;]<\/p>","protected":false},"author":1,"featured_media":0,"parent":0,"menu_order":0,"comment_status":"closed","ping_status":"open","template":"","meta":{"footnotes":""},"class_list":["post-2","page","type-page","status-publish","hentry"],"yoast_head":"<!-- This site is optimized with the Yoast SEO plugin v27.4 - https:\/\/yoast.com\/product\/yoast-seo-wordpress\/ -->\n<title>Sample Page - \u798f\u5dde\u82af\u65ed\u79d1\u6280- \u4e13\u6ce8\u4e8e\u5c01\u88c5\u5916\u58f3| \u5c01\u88c5\u914d\u4ef6| IC\u5c01\u88c5| \u591a\u5c42\u9676\u74f7\u5916\u58f3 | \u9ed1\u9676\u74f7\u5916\u58f3 | \u5fae\u6676\u73bb\u7483\u5916\u58f3 | T0\u7ba1\u5e3d | \u8fc7\u5ea6\u7247 | \u53ef\u4f10\u6846 | \u91d1\u5c5e\u4e0a\u76d6 | \u5f15\u7ebf\u6846\u67b6 | \u4eca\u9521\u76d6\u677f<\/title>\n<meta name=\"robots\" content=\"index, follow, max-snippet:-1, max-image-preview:large, max-video-preview:-1\" \/>\n<link rel=\"canonical\" href=\"https:\/\/www.fzxinxu.com\/fr\/page-dexemple\/\" \/>\n<meta property=\"og:locale\" content=\"fr_FR\" \/>\n<meta property=\"og:type\" content=\"article\" \/>\n<meta property=\"og:title\" content=\"Sample Page - \u798f\u5dde\u82af\u65ed\u79d1\u6280- \u4e13\u6ce8\u4e8e\u5c01\u88c5\u5916\u58f3| \u5c01\u88c5\u914d\u4ef6| IC\u5c01\u88c5| \u591a\u5c42\u9676\u74f7\u5916\u58f3 | \u9ed1\u9676\u74f7\u5916\u58f3 | \u5fae\u6676\u73bb\u7483\u5916\u58f3 | T0\u7ba1\u5e3d | \u8fc7\u5ea6\u7247 | \u53ef\u4f10\u6846 | \u91d1\u5c5e\u4e0a\u76d6 | \u5f15\u7ebf\u6846\u67b6 | \u4eca\u9521\u76d6\u677f\" \/>\n<meta property=\"og:description\" content=\"This is an example page. It&#8217;s different from a bl [&hellip;]\" \/>\n<meta property=\"og:url\" content=\"https:\/\/www.fzxinxu.com\/fr\/page-dexemple\/\" \/>\n<meta property=\"og:site_name\" content=\"\u798f\u5dde\u82af\u65ed\u79d1\u6280- \u4e13\u6ce8\u4e8e\u5c01\u88c5\u5916\u58f3| \u5c01\u88c5\u914d\u4ef6| IC\u5c01\u88c5| \u591a\u5c42\u9676\u74f7\u5916\u58f3 | \u9ed1\u9676\u74f7\u5916\u58f3 | \u5fae\u6676\u73bb\u7483\u5916\u58f3 | T0\u7ba1\u5e3d | \u8fc7\u5ea6\u7247 | \u53ef\u4f10\u6846 | \u91d1\u5c5e\u4e0a\u76d6 | \u5f15\u7ebf\u6846\u67b6 | \u4eca\u9521\u76d6\u677f\" \/>\n<meta name=\"twitter:card\" content=\"summary_large_image\" \/>\n<meta name=\"twitter:label1\" content=\"Dur\u00e9e de lecture estim\u00e9e\" \/>\n\t<meta name=\"twitter:data1\" content=\"1 minute\" \/>\n<script type=\"application\/ld+json\" class=\"yoast-schema-graph\">{\"@context\":\"https:\\\/\\\/schema.org\",\"@graph\":[{\"@type\":\"WebPage\",\"@id\":\"https:\\\/\\\/www.fzxinxu.com\\\/sample-page\\\/\",\"url\":\"https:\\\/\\\/www.fzxinxu.com\\\/sample-page\\\/\",\"name\":\"Sample Page - \u798f\u5dde\u82af\u65ed\u79d1\u6280- \u4e13\u6ce8\u4e8e\u5c01\u88c5\u5916\u58f3| \u5c01\u88c5\u914d\u4ef6| IC\u5c01\u88c5| \u591a\u5c42\u9676\u74f7\u5916\u58f3 | \u9ed1\u9676\u74f7\u5916\u58f3 | \u5fae\u6676\u73bb\u7483\u5916\u58f3 | T0\u7ba1\u5e3d | \u8fc7\u5ea6\u7247 | \u53ef\u4f10\u6846 | \u91d1\u5c5e\u4e0a\u76d6 | \u5f15\u7ebf\u6846\u67b6 | \u4eca\u9521\u76d6\u677f\",\"isPartOf\":{\"@id\":\"https:\\\/\\\/www.fzxinxu.com\\\/#website\"},\"datePublished\":\"2023-07-20T09:47:55+00:00\",\"breadcrumb\":{\"@id\":\"https:\\\/\\\/www.fzxinxu.com\\\/sample-page\\\/#breadcrumb\"},\"inLanguage\":\"fr-FR\",\"potentialAction\":[{\"@type\":\"ReadAction\",\"target\":[\"https:\\\/\\\/www.fzxinxu.com\\\/sample-page\\\/\"]}]},{\"@type\":\"BreadcrumbList\",\"@id\":\"https:\\\/\\\/www.fzxinxu.com\\\/sample-page\\\/#breadcrumb\",\"itemListElement\":[{\"@type\":\"ListItem\",\"position\":1,\"name\":\"\u9996\u9875\",\"item\":\"https:\\\/\\\/www.fzxinxu.com\\\/\"},{\"@type\":\"ListItem\",\"position\":2,\"name\":\"Sample Page\"}]},{\"@type\":\"WebSite\",\"@id\":\"https:\\\/\\\/www.fzxinxu.com\\\/#website\",\"url\":\"https:\\\/\\\/www.fzxinxu.com\\\/\",\"name\":\"\u798f\u5dde\u82af\u65ed\u79d1\u6280- \u4e13\u6ce8\u4e8e\u5c01\u88c5\u5916\u58f3| \u5c01\u88c5\u914d\u4ef6| IC\u5c01\u88c5| \u591a\u5c42\u9676\u74f7\u5916\u58f3 | \u9ed1\u9676\u74f7\u5916\u58f3 | \u5fae\u6676\u73bb\u7483\u5916\u58f3 | T0\u7ba1\u5e3d | \u8fc7\u5ea6\u7247 | \u53ef\u4f10\u6846 | \u91d1\u5c5e\u4e0a\u76d6 | \u5f15\u7ebf\u6846\u67b6 | \u4eca\u9521\u76d6\u677f\",\"description\":\"\",\"potentialAction\":[{\"@type\":\"SearchAction\",\"target\":{\"@type\":\"EntryPoint\",\"urlTemplate\":\"https:\\\/\\\/www.fzxinxu.com\\\/?s={search_term_string}\"},\"query-input\":{\"@type\":\"PropertyValueSpecification\",\"valueRequired\":true,\"valueName\":\"search_term_string\"}}],\"inLanguage\":\"fr-FR\"}]}<\/script>\n<!-- \/ Yoast SEO plugin. -->","yoast_head_json":{"title":"Exemple de page - Corex Technology Corporation - Bo\u00eetier d'emballage | Accessoires d'emballage | Emballage de circuits int\u00e9gr\u00e9s | Bo\u00eetier en c\u00e9ramique multicouche | Bo\u00eetier en c\u00e9ramique noire | Bo\u00eetier en verre microcristallin | Capuchon T0 | Puce de transition | Cadres amovibles | Couvercles sup\u00e9rieurs en m\u00e9tal | Cadres de plomb | Couvercles \u00e9tam\u00e9s aujourd'hui","robots":{"index":"index","follow":"follow","max-snippet":"max-snippet:-1","max-image-preview":"max-image-preview:large","max-video-preview":"max-video-preview:-1"},"canonical":"https:\/\/www.fzxinxu.com\/fr\/page-dexemple\/","og_locale":"fr_FR","og_type":"article","og_title":"Sample Page - \u798f\u5dde\u82af\u65ed\u79d1\u6280- \u4e13\u6ce8\u4e8e\u5c01\u88c5\u5916\u58f3| \u5c01\u88c5\u914d\u4ef6| IC\u5c01\u88c5| \u591a\u5c42\u9676\u74f7\u5916\u58f3 | \u9ed1\u9676\u74f7\u5916\u58f3 | \u5fae\u6676\u73bb\u7483\u5916\u58f3 | T0\u7ba1\u5e3d | \u8fc7\u5ea6\u7247 | \u53ef\u4f10\u6846 | \u91d1\u5c5e\u4e0a\u76d6 | \u5f15\u7ebf\u6846\u67b6 | \u4eca\u9521\u76d6\u677f","og_description":"This is an example page. It&#8217;s different from a bl [&hellip;]","og_url":"https:\/\/www.fzxinxu.com\/fr\/page-dexemple\/","og_site_name":"\u798f\u5dde\u82af\u65ed\u79d1\u6280- \u4e13\u6ce8\u4e8e\u5c01\u88c5\u5916\u58f3| \u5c01\u88c5\u914d\u4ef6| IC\u5c01\u88c5| \u591a\u5c42\u9676\u74f7\u5916\u58f3 | \u9ed1\u9676\u74f7\u5916\u58f3 | \u5fae\u6676\u73bb\u7483\u5916\u58f3 | T0\u7ba1\u5e3d | \u8fc7\u5ea6\u7247 | \u53ef\u4f10\u6846 | \u91d1\u5c5e\u4e0a\u76d6 | \u5f15\u7ebf\u6846\u67b6 | \u4eca\u9521\u76d6\u677f","twitter_card":"summary_large_image","twitter_misc":{"Dur\u00e9e de lecture estim\u00e9e":"1 minute"},"schema":{"@context":"https:\/\/schema.org","@graph":[{"@type":"WebPage","@id":"https:\/\/www.fzxinxu.com\/sample-page\/","url":"https:\/\/www.fzxinxu.com\/sample-page\/","name":"Exemple de page - Corex Technology Corporation - Bo\u00eetier d'emballage | Accessoires d'emballage | Emballage de circuits int\u00e9gr\u00e9s | Bo\u00eetier en c\u00e9ramique multicouche | Bo\u00eetier en c\u00e9ramique noire | Bo\u00eetier en verre microcristallin | Capuchon T0 | Puce de transition | Cadres amovibles | Couvercles sup\u00e9rieurs en m\u00e9tal | Cadres de plomb | Couvercles \u00e9tam\u00e9s aujourd'hui","isPartOf":{"@id":"https:\/\/www.fzxinxu.com\/#website"},"datePublished":"2023-07-20T09:47:55+00:00","breadcrumb":{"@id":"https:\/\/www.fzxinxu.com\/sample-page\/#breadcrumb"},"inLanguage":"fr-FR","potentialAction":[{"@type":"ReadAction","target":["https:\/\/www.fzxinxu.com\/sample-page\/"]}]},{"@type":"BreadcrumbList","@id":"https:\/\/www.fzxinxu.com\/sample-page\/#breadcrumb","itemListElement":[{"@type":"ListItem","position":1,"name":"\u9996\u9875","item":"https:\/\/www.fzxinxu.com\/"},{"@type":"ListItem","position":2,"name":"Sample Page"}]},{"@type":"WebSite","@id":"https:\/\/www.fzxinxu.com\/#website","url":"https:\/\/www.fzxinxu.com\/","name":"Corex Technology - Bo\u00eetier d'emballage | Accessoires d'emballage | Emballage de circuits int\u00e9gr\u00e9s | Bo\u00eetier en c\u00e9ramique multicouche | Bo\u00eetier en c\u00e9ramique noire | Bo\u00eetier en verre microcristallin | Capuchon T0 | T\u00f4le exc\u00e9dentaire | Cadres amovibles | Capot sup\u00e9rieur en m\u00e9tal | Cadres de plomb | Couvercles \u00e9tam\u00e9s aujourd'hui","description":"","potentialAction":[{"@type":"SearchAction","target":{"@type":"EntryPoint","urlTemplate":"https:\/\/www.fzxinxu.com\/?s={search_term_string}"},"query-input":{"@type":"PropertyValueSpecification","valueRequired":true,"valueName":"search_term_string"}}],"inLanguage":"fr-FR"}]}},"_links":{"self":[{"href":"https:\/\/www.fzxinxu.com\/fr\/wp-json\/wp\/v2\/pages\/2","targetHints":{"allow":["GET"]}}],"collection":[{"href":"https:\/\/www.fzxinxu.com\/fr\/wp-json\/wp\/v2\/pages"}],"about":[{"href":"https:\/\/www.fzxinxu.com\/fr\/wp-json\/wp\/v2\/types\/page"}],"author":[{"embeddable":true,"href":"https:\/\/www.fzxinxu.com\/fr\/wp-json\/wp\/v2\/users\/1"}],"replies":[{"embeddable":true,"href":"https:\/\/www.fzxinxu.com\/fr\/wp-json\/wp\/v2\/comments?post=2"}],"version-history":[{"count":0,"href":"https:\/\/www.fzxinxu.com\/fr\/wp-json\/wp\/v2\/pages\/2\/revisions"}],"wp:attachment":[{"href":"https:\/\/www.fzxinxu.com\/fr\/wp-json\/wp\/v2\/media?parent=2"}],"curies":[{"name":"wp","href":"https:\/\/api.w.org\/{rel}","templated":true}]}}