{"id":17,"date":"2023-07-20T15:23:34","date_gmt":"2023-07-20T15:23:34","guid":{"rendered":"https:\/\/fzxinxu.com\/?page_id=17"},"modified":"2025-09-11T15:05:17","modified_gmt":"2025-09-11T15:05:17","slug":"nouvelles","status":"publish","type":"page","link":"https:\/\/www.fzxinxu.com\/fr\/nouvelles\/","title":{"rendered":"Actualit\u00e9s"},"content":{"rendered":"<div data-elementor-type=\"wp-page\" data-elementor-id=\"17\" class=\"elementor elementor-17\" data-elementor-post-type=\"page\">\n\t\t\t\t\t\t<section class=\"elementor-section elementor-top-section elementor-element elementor-element-e4d5e5c elementor-section-boxed elementor-section-height-default elementor-section-height-default\" data-id=\"e4d5e5c\" data-element_type=\"section\" data-e-type=\"section\" data-settings=\"{&quot;background_background&quot;:&quot;classic&quot;}\">\n\t\t\t\t\t\t<div class=\"elementor-container elementor-column-gap-default\">\n\t\t\t\t\t<div class=\"elementor-column elementor-col-100 elementor-top-column elementor-element elementor-element-af94c8f\" data-id=\"af94c8f\" data-element_type=\"column\" data-e-type=\"column\">\n\t\t\t<div class=\"elementor-widget-wrap elementor-element-populated\">\n\t\t\t\t\t\t<div class=\"elementor-element elementor-element-b033a5f elementor-widget elementor-widget-heading\" data-id=\"b033a5f\" data-element_type=\"widget\" data-e-type=\"widget\" data-widget_type=\"heading.default\">\n\t\t\t\t<div class=\"elementor-widget-container\">\n\t\t\t\t\t<h1 class=\"elementor-heading-title elementor-size-default\">Actualit\u00e9s<\/h1>\t\t\t\t<\/div>\n\t\t\t\t<\/div>\n\t\t\t\t\t<\/div>\n\t\t<\/div>\n\t\t\t\t\t<\/div>\n\t\t<\/section>\n\t\t\t\t<section class=\"elementor-section elementor-top-section elementor-element elementor-element-32bad13 elementor-section-boxed elementor-section-height-default elementor-section-height-default\" data-id=\"32bad13\" data-element_type=\"section\" data-e-type=\"section\" data-settings=\"{&quot;background_background&quot;:&quot;classic&quot;}\">\n\t\t\t\t\t\t<div class=\"elementor-container elementor-column-gap-default\">\n\t\t\t\t\t<div class=\"elementor-column elementor-col-100 elementor-top-column elementor-element elementor-element-747cee5\" data-id=\"747cee5\" data-element_type=\"column\" data-e-type=\"column\">\n\t\t\t<div class=\"elementor-widget-wrap elementor-element-populated\">\n\t\t\t\t\t\t<div class=\"elementor-element elementor-element-1be7a8b elementor-widget elementor-widget-woocommerce-breadcrumb\" data-id=\"1be7a8b\" data-element_type=\"widget\" data-e-type=\"widget\" data-widget_type=\"woocommerce-breadcrumb.default\">\n\t\t\t\t<div class=\"elementor-widget-container\">\n\t\t\t\t\t<nav class=\"woocommerce-breadcrumb\" aria-label=\"Breadcrumb\" data-no-translation=\"\" data-trp-gettext=\"\">Accueil<\/nav>\t\t\t\t<\/div>\n\t\t\t\t<\/div>\n\t\t\t\t\t<\/div>\n\t\t<\/div>\n\t\t\t\t\t<\/div>\n\t\t<\/section>\n\t\t\t\t<section class=\"elementor-section elementor-top-section elementor-element elementor-element-c77dbe7 elementor-section-boxed elementor-section-height-default elementor-section-height-default\" data-id=\"c77dbe7\" data-element_type=\"section\" data-e-type=\"section\">\n\t\t\t\t\t\t<div class=\"elementor-container elementor-column-gap-default\">\n\t\t\t\t\t<div class=\"elementor-column elementor-col-100 elementor-top-column elementor-element elementor-element-6e60778\" data-id=\"6e60778\" data-element_type=\"column\" data-e-type=\"column\">\n\t\t\t<div class=\"elementor-widget-wrap elementor-element-populated\">\n\t\t\t\t\t\t<div class=\"elementor-element elementor-element-8abffc6 elementor-grid-3 elementor-grid-tablet-2 elementor-grid-mobile-1 elementor-posts--thumbnail-top elementor-card-shadow-yes elementor-posts__hover-gradient elementor-widget elementor-widget-posts\" data-id=\"8abffc6\" data-element_type=\"widget\" data-e-type=\"widget\" data-settings=\"{&quot;pagination_type&quot;:&quot;numbers_and_prev_next&quot;,&quot;cards_columns&quot;:&quot;3&quot;,&quot;cards_columns_tablet&quot;:&quot;2&quot;,&quot;cards_columns_mobile&quot;:&quot;1&quot;,&quot;cards_row_gap&quot;:{&quot;unit&quot;:&quot;px&quot;,&quot;size&quot;:35,&quot;sizes&quot;:[]},&quot;cards_row_gap_tablet&quot;:{&quot;unit&quot;:&quot;px&quot;,&quot;size&quot;:&quot;&quot;,&quot;sizes&quot;:[]},&quot;cards_row_gap_mobile&quot;:{&quot;unit&quot;:&quot;px&quot;,&quot;size&quot;:&quot;&quot;,&quot;sizes&quot;:[]}}\" data-widget_type=\"posts.cards\">\n\t\t\t\t<div class=\"elementor-widget-container\">\n\t\t\t\t\t\t\t<div class=\"elementor-posts-container elementor-posts elementor-posts--skin-cards elementor-grid\" role=\"list\">\n\t\t\t\t<article class=\"elementor-post elementor-grid-item post-74 post type-post status-publish format-standard has-post-thumbnail hentry category-news\" role=\"listitem\">\n\t\t\t<div class=\"elementor-post__card\">\n\t\t\t\t<a class=\"elementor-post__thumbnail__link\" href=\"https:\/\/www.fzxinxu.com\/fr\/les-circuits-integres-chinois-entrent-dans-un-age-dor\/\" tabindex=\"-1\" ><div class=\"elementor-post__thumbnail\"><img fetchpriority=\"high\" decoding=\"async\" width=\"704\" height=\"493\" src=\"https:\/\/www.fzxinxu.com\/wp-content\/uploads\/2023\/07\/news-img-02.jpg\" class=\"attachment-medium_large size-medium_large wp-image-153\" alt=\"\" srcset=\"https:\/\/www.fzxinxu.com\/wp-content\/uploads\/2023\/07\/news-img-02.jpg 704w, https:\/\/www.fzxinxu.com\/wp-content\/uploads\/2023\/07\/news-img-02-600x420.jpg 600w, https:\/\/www.fzxinxu.com\/wp-content\/uploads\/2023\/07\/news-img-02-300x210.jpg 300w\" sizes=\"(max-width: 704px) 100vw, 704px\" \/><\/div><\/a>\n\t\t\t\t<div class=\"elementor-post__text\">\n\t\t\t\t<h3 class=\"elementor-post__title\">\n\t\t\t<a href=\"https:\/\/www.fzxinxu.com\/fr\/les-circuits-integres-chinois-entrent-dans-un-age-dor\/\" >\n\t\t\t\tLes circuits int\u00e9gr\u00e9s chinois entrent dans un \u00e2ge d'or\t\t\t<\/a>\n\t\t<\/h3>\n\t\t\t\t<div class=\"elementor-post__excerpt\">\n\t\t\t<p>Peng Hongbing, directeur adjoint du d\u00e9partement de l'information \u00e9lectronique du minist\u00e8re de l'industrie et des technologies de l'information, a d\u00e9clar\u00e9 publiquement hier \u00e0 Shenzhen, \"...<\/p>\n\t\t<\/div>\n\t\t\n\t\t<a class=\"elementor-post__read-more\" href=\"https:\/\/www.fzxinxu.com\/fr\/les-circuits-integres-chinois-entrent-dans-un-age-dor\/\" aria-label=\"En savoir plus sur Les circuits int\u00e9gr\u00e9s chinois entrent dans l&#039;\u00e2ge d&#039;or\" tabindex=\"-1\" >\n\t\t\tVoir les d\u00e9tails \"\t\t<\/a>\n\n\t\t\t\t<\/div>\n\t\t\t\t<div class=\"elementor-post__meta-data\">\n\t\t\t\t\t<span class=\"elementor-post-date\">\n\t\t\t24 juillet 2023\t\t<\/span>\n\t\t\t\t<\/div>\n\t\t\t\t\t<\/div>\n\t\t<\/article>\n\t\t\t\t<article class=\"elementor-post elementor-grid-item post-72 post type-post status-publish format-standard has-post-thumbnail hentry category-news\" role=\"listitem\">\n\t\t\t<div class=\"elementor-post__card\">\n\t\t\t\t<a class=\"elementor-post__thumbnail__link\" href=\"https:\/\/www.fzxinxu.com\/fr\/plus-de-1-500-entreprises-exposeront-au-salon-6-18-le-pavillon-de-linnovation-des-entreprises-detat-fait-ses-debuts-au-salon\/\" tabindex=\"-1\" ><div class=\"elementor-post__thumbnail\"><img decoding=\"async\" width=\"610\" height=\"427\" src=\"https:\/\/www.fzxinxu.com\/wp-content\/uploads\/2023\/07\/news-img-03.jpg\" class=\"attachment-medium_large size-medium_large wp-image-154\" alt=\"\" srcset=\"https:\/\/www.fzxinxu.com\/wp-content\/uploads\/2023\/07\/news-img-03.jpg 610w, https:\/\/www.fzxinxu.com\/wp-content\/uploads\/2023\/07\/news-img-03-600x420.jpg 600w, https:\/\/www.fzxinxu.com\/wp-content\/uploads\/2023\/07\/news-img-03-300x210.jpg 300w\" sizes=\"(max-width: 610px) 100vw, 610px\" \/><\/div><\/a>\n\t\t\t\t<div class=\"elementor-post__text\">\n\t\t\t\t<h3 class=\"elementor-post__title\">\n\t\t\t<a href=\"https:\/\/www.fzxinxu.com\/fr\/plus-de-1-500-entreprises-exposeront-au-salon-6-18-le-pavillon-de-linnovation-des-entreprises-detat-fait-ses-debuts-au-salon\/\" >\n\t\t\t\tPlus de 1 500 entreprises participeront \u00e0 l'exposition inaugurale du pavillon de l'innovation des entreprises d'\u00c9tat \"6-18\t\t\t<\/a>\n\t\t<\/h3>\n\t\t\t\t<div class=\"elementor-post__excerpt\">\n\t\t\t<p>FUZHOU, 18 juin (Yu Suanfang) - Le 18 juin, la 16e conf\u00e9rence de l'Association chinoise pour la promotion de l'\u00e9galit\u00e9 des chances a eu lieu \u00e0 FUZHOU.<\/p>\n\t\t<\/div>\n\t\t\n\t\t<a class=\"elementor-post__read-more\" href=\"https:\/\/www.fzxinxu.com\/fr\/plus-de-1-500-entreprises-exposeront-au-salon-6-18-le-pavillon-de-linnovation-des-entreprises-detat-fait-ses-debuts-au-salon\/\" aria-label=\"En savoir plus sur Plus de 1 500 entreprises participeront au salon \u201c6-18\u201d Le pavillon de l&#039;innovation des entreprises publiques fait ses d\u00e9buts au salon.\" tabindex=\"-1\" >\n\t\t\tVoir les d\u00e9tails \"\t\t<\/a>\n\n\t\t\t\t<\/div>\n\t\t\t\t<div class=\"elementor-post__meta-data\">\n\t\t\t\t\t<span class=\"elementor-post-date\">\n\t\t\t24 juillet 2023\t\t<\/span>\n\t\t\t\t<\/div>\n\t\t\t\t\t<\/div>\n\t\t<\/article>\n\t\t\t\t<article class=\"elementor-post elementor-grid-item post-70 post type-post status-publish format-standard has-post-thumbnail hentry category-news\" role=\"listitem\">\n\t\t\t<div class=\"elementor-post__card\">\n\t\t\t\t<a class=\"elementor-post__thumbnail__link\" href=\"https:\/\/www.fzxinxu.com\/fr\/le-fujian-a-organise-une-reunion-sur-les-resultats-des-projets-de-technologies-a-double-usage-afin-de-promouvoir-lintegration-civilo-militaire\/\" tabindex=\"-1\" ><div class=\"elementor-post__thumbnail\"><img decoding=\"async\" width=\"768\" height=\"538\" src=\"https:\/\/www.fzxinxu.com\/wp-content\/uploads\/2023\/07\/news-img-01-768x538.jpg\" class=\"attachment-medium_large size-medium_large wp-image-152\" alt=\"\" srcset=\"https:\/\/www.fzxinxu.com\/wp-content\/uploads\/2023\/07\/news-img-01-768x538.jpg 768w, https:\/\/www.fzxinxu.com\/wp-content\/uploads\/2023\/07\/news-img-01-600x420.jpg 600w, https:\/\/www.fzxinxu.com\/wp-content\/uploads\/2023\/07\/news-img-01-300x210.jpg 300w, https:\/\/www.fzxinxu.com\/wp-content\/uploads\/2023\/07\/news-img-01-1024x717.jpg 1024w, https:\/\/www.fzxinxu.com\/wp-content\/uploads\/2023\/07\/news-img-01-1536x1075.jpg 1536w, https:\/\/www.fzxinxu.com\/wp-content\/uploads\/2023\/07\/news-img-01.jpg 1543w\" sizes=\"(max-width: 768px) 100vw, 768px\" \/><\/div><\/a>\n\t\t\t\t<div class=\"elementor-post__text\">\n\t\t\t\t<h3 class=\"elementor-post__title\">\n\t\t\t<a href=\"https:\/\/www.fzxinxu.com\/fr\/le-fujian-a-organise-une-reunion-sur-les-resultats-des-projets-de-technologies-a-double-usage-afin-de-promouvoir-lintegration-civilo-militaire\/\" >\n\t\t\t\tLa province de Fujian a organis\u00e9 une r\u00e9union sur les r\u00e9sultats des projets de technologies \u00e0 double usage afin de promouvoir les projets d'int\u00e9gration civilo-militaire sur le terrain.\t\t\t<\/a>\n\t\t<\/h3>\n\t\t\t\t<div class=\"elementor-post__excerpt\">\n\t\t\t<p>Dans la matin\u00e9e du 19 juin, la r\u00e9union de rencontre pour la r\u00e9alisation d'un projet de technologie \u00e0 double usage de la province de Fujian s'est tenue \u00e0 Fuzhou.<\/p>\n\t\t<\/div>\n\t\t\n\t\t<a class=\"elementor-post__read-more\" href=\"https:\/\/www.fzxinxu.com\/fr\/le-fujian-a-organise-une-reunion-sur-les-resultats-des-projets-de-technologies-a-double-usage-afin-de-promouvoir-lintegration-civilo-militaire\/\" aria-label=\"En savoir plus sur La province de Fujian organise une session de pr\u00e9sentation des r\u00e9sultats des projets de technologies \u00e0 double usage afin de promouvoir les projets d&#039;int\u00e9gration militaire et civile\" tabindex=\"-1\" >\n\t\t\tVoir les d\u00e9tails \"\t\t<\/a>\n\n\t\t\t\t<\/div>\n\t\t\t\t<div class=\"elementor-post__meta-data\">\n\t\t\t\t\t<span class=\"elementor-post-date\">\n\t\t\t24 juillet 2023\t\t<\/span>\n\t\t\t\t<\/div>\n\t\t\t\t\t<\/div>\n\t\t<\/article>\n\t\t\t\t<\/div>\n\t\t\n\t\t\t\t\t\t<\/div>\n\t\t\t\t<\/div>\n\t\t\t\t\t<\/div>\n\t\t<\/div>\n\t\t\t\t\t<\/div>\n\t\t<\/section>\n\t\t\t\t<\/div>","protected":false},"excerpt":{"rendered":"<p>Actualit\u00e9s<\/p>","protected":false},"author":1,"featured_media":0,"parent":0,"menu_order":0,"comment_status":"closed","ping_status":"closed","template":"","meta":{"footnotes":""},"class_list":["post-17","page","type-page","status-publish","hentry"],"yoast_head":"<!-- This site is optimized with the Yoast SEO plugin v27.4 - https:\/\/yoast.com\/product\/yoast-seo-wordpress\/ -->\n<title>\u65b0\u95fb\u8d44\u8baf - \u798f\u5dde\u82af\u65ed\u79d1\u6280- \u4e13\u6ce8\u4e8e\u5c01\u88c5\u5916\u58f3| \u5c01\u88c5\u914d\u4ef6| IC\u5c01\u88c5| \u591a\u5c42\u9676\u74f7\u5916\u58f3 | \u9ed1\u9676\u74f7\u5916\u58f3 | \u5fae\u6676\u73bb\u7483\u5916\u58f3 | T0\u7ba1\u5e3d | \u8fc7\u5ea6\u7247 | \u53ef\u4f10\u6846 | \u91d1\u5c5e\u4e0a\u76d6 | \u5f15\u7ebf\u6846\u67b6 | \u4eca\u9521\u76d6\u677f<\/title>\n<meta name=\"robots\" content=\"index, follow, max-snippet:-1, max-image-preview:large, max-video-preview:-1\" \/>\n<link rel=\"canonical\" href=\"https:\/\/www.fzxinxu.com\/fr\/nouvelles\/\" \/>\n<meta property=\"og:locale\" content=\"fr_FR\" \/>\n<meta property=\"og:type\" content=\"article\" \/>\n<meta property=\"og:title\" content=\"\u65b0\u95fb\u8d44\u8baf - \u798f\u5dde\u82af\u65ed\u79d1\u6280- \u4e13\u6ce8\u4e8e\u5c01\u88c5\u5916\u58f3| \u5c01\u88c5\u914d\u4ef6| IC\u5c01\u88c5| \u591a\u5c42\u9676\u74f7\u5916\u58f3 | \u9ed1\u9676\u74f7\u5916\u58f3 | \u5fae\u6676\u73bb\u7483\u5916\u58f3 | T0\u7ba1\u5e3d | \u8fc7\u5ea6\u7247 | \u53ef\u4f10\u6846 | \u91d1\u5c5e\u4e0a\u76d6 | \u5f15\u7ebf\u6846\u67b6 | \u4eca\u9521\u76d6\u677f\" \/>\n<meta property=\"og:description\" content=\"\u65b0\u95fb\u8d44\u8baf\" \/>\n<meta property=\"og:url\" content=\"https:\/\/www.fzxinxu.com\/fr\/nouvelles\/\" \/>\n<meta property=\"og:site_name\" content=\"\u798f\u5dde\u82af\u65ed\u79d1\u6280- \u4e13\u6ce8\u4e8e\u5c01\u88c5\u5916\u58f3| \u5c01\u88c5\u914d\u4ef6| IC\u5c01\u88c5| \u591a\u5c42\u9676\u74f7\u5916\u58f3 | \u9ed1\u9676\u74f7\u5916\u58f3 | \u5fae\u6676\u73bb\u7483\u5916\u58f3 | T0\u7ba1\u5e3d | \u8fc7\u5ea6\u7247 | \u53ef\u4f10\u6846 | \u91d1\u5c5e\u4e0a\u76d6 | \u5f15\u7ebf\u6846\u67b6 | \u4eca\u9521\u76d6\u677f\" \/>\n<meta property=\"article:modified_time\" content=\"2025-09-11T15:05:17+00:00\" \/>\n<meta name=\"twitter:card\" content=\"summary_large_image\" \/>\n<script type=\"application\/ld+json\" class=\"yoast-schema-graph\">{\"@context\":\"https:\\\/\\\/schema.org\",\"@graph\":[{\"@type\":\"WebPage\",\"@id\":\"https:\\\/\\\/www.fzxinxu.com\\\/news\\\/\",\"url\":\"https:\\\/\\\/www.fzxinxu.com\\\/news\\\/\",\"name\":\"\u65b0\u95fb\u8d44\u8baf - \u798f\u5dde\u82af\u65ed\u79d1\u6280- \u4e13\u6ce8\u4e8e\u5c01\u88c5\u5916\u58f3| \u5c01\u88c5\u914d\u4ef6| IC\u5c01\u88c5| \u591a\u5c42\u9676\u74f7\u5916\u58f3 | \u9ed1\u9676\u74f7\u5916\u58f3 | \u5fae\u6676\u73bb\u7483\u5916\u58f3 | T0\u7ba1\u5e3d | \u8fc7\u5ea6\u7247 | \u53ef\u4f10\u6846 | \u91d1\u5c5e\u4e0a\u76d6 | \u5f15\u7ebf\u6846\u67b6 | \u4eca\u9521\u76d6\u677f\",\"isPartOf\":{\"@id\":\"https:\\\/\\\/www.fzxinxu.com\\\/#website\"},\"datePublished\":\"2023-07-20T15:23:34+00:00\",\"dateModified\":\"2025-09-11T15:05:17+00:00\",\"breadcrumb\":{\"@id\":\"https:\\\/\\\/www.fzxinxu.com\\\/news\\\/#breadcrumb\"},\"inLanguage\":\"fr-FR\",\"potentialAction\":[{\"@type\":\"ReadAction\",\"target\":[\"https:\\\/\\\/www.fzxinxu.com\\\/news\\\/\"]}]},{\"@type\":\"BreadcrumbList\",\"@id\":\"https:\\\/\\\/www.fzxinxu.com\\\/news\\\/#breadcrumb\",\"itemListElement\":[{\"@type\":\"ListItem\",\"position\":1,\"name\":\"\u9996\u9875\",\"item\":\"https:\\\/\\\/www.fzxinxu.com\\\/\"},{\"@type\":\"ListItem\",\"position\":2,\"name\":\"\u65b0\u95fb\u8d44\u8baf\"}]},{\"@type\":\"WebSite\",\"@id\":\"https:\\\/\\\/www.fzxinxu.com\\\/#website\",\"url\":\"https:\\\/\\\/www.fzxinxu.com\\\/\",\"name\":\"\u798f\u5dde\u82af\u65ed\u79d1\u6280- \u4e13\u6ce8\u4e8e\u5c01\u88c5\u5916\u58f3| \u5c01\u88c5\u914d\u4ef6| IC\u5c01\u88c5| \u591a\u5c42\u9676\u74f7\u5916\u58f3 | \u9ed1\u9676\u74f7\u5916\u58f3 | \u5fae\u6676\u73bb\u7483\u5916\u58f3 | T0\u7ba1\u5e3d | \u8fc7\u5ea6\u7247 | \u53ef\u4f10\u6846 | \u91d1\u5c5e\u4e0a\u76d6 | \u5f15\u7ebf\u6846\u67b6 | \u4eca\u9521\u76d6\u677f\",\"description\":\"\",\"potentialAction\":[{\"@type\":\"SearchAction\",\"target\":{\"@type\":\"EntryPoint\",\"urlTemplate\":\"https:\\\/\\\/www.fzxinxu.com\\\/?s={search_term_string}\"},\"query-input\":{\"@type\":\"PropertyValueSpecification\",\"valueRequired\":true,\"valueName\":\"search_term_string\"}}],\"inLanguage\":\"fr-FR\"}]}<\/script>\n<!-- \/ Yoast SEO plugin. -->","yoast_head_json":{"title":"Actualit\u00e9s - Fuzhou Xinxu Technology - Bo\u00eetier d'emballage | Accessoires d'emballage | Emballage de circuits int\u00e9gr\u00e9s | Bo\u00eetier en c\u00e9ramique multicouche | Bo\u00eetier en c\u00e9ramique noire | Bo\u00eetier en verre microcristallin | Capuchon T0 | T\u00f4le exc\u00e9dentaire | Cadres amovibles | Couvercles en m\u00e9tal | Cadres en plomb | Couvercles \u00e9tam\u00e9s aujourd'hui","robots":{"index":"index","follow":"follow","max-snippet":"max-snippet:-1","max-image-preview":"max-image-preview:large","max-video-preview":"max-video-preview:-1"},"canonical":"https:\/\/www.fzxinxu.com\/fr\/nouvelles\/","og_locale":"fr_FR","og_type":"article","og_title":"\u65b0\u95fb\u8d44\u8baf - \u798f\u5dde\u82af\u65ed\u79d1\u6280- \u4e13\u6ce8\u4e8e\u5c01\u88c5\u5916\u58f3| \u5c01\u88c5\u914d\u4ef6| IC\u5c01\u88c5| \u591a\u5c42\u9676\u74f7\u5916\u58f3 | \u9ed1\u9676\u74f7\u5916\u58f3 | \u5fae\u6676\u73bb\u7483\u5916\u58f3 | T0\u7ba1\u5e3d | \u8fc7\u5ea6\u7247 | \u53ef\u4f10\u6846 | \u91d1\u5c5e\u4e0a\u76d6 | \u5f15\u7ebf\u6846\u67b6 | \u4eca\u9521\u76d6\u677f","og_description":"\u65b0\u95fb\u8d44\u8baf","og_url":"https:\/\/www.fzxinxu.com\/fr\/nouvelles\/","og_site_name":"\u798f\u5dde\u82af\u65ed\u79d1\u6280- \u4e13\u6ce8\u4e8e\u5c01\u88c5\u5916\u58f3| \u5c01\u88c5\u914d\u4ef6| IC\u5c01\u88c5| \u591a\u5c42\u9676\u74f7\u5916\u58f3 | \u9ed1\u9676\u74f7\u5916\u58f3 | \u5fae\u6676\u73bb\u7483\u5916\u58f3 | T0\u7ba1\u5e3d | \u8fc7\u5ea6\u7247 | \u53ef\u4f10\u6846 | \u91d1\u5c5e\u4e0a\u76d6 | \u5f15\u7ebf\u6846\u67b6 | \u4eca\u9521\u76d6\u677f","article_modified_time":"2025-09-11T15:05:17+00:00","twitter_card":"summary_large_image","schema":{"@context":"https:\/\/schema.org","@graph":[{"@type":"WebPage","@id":"https:\/\/www.fzxinxu.com\/news\/","url":"https:\/\/www.fzxinxu.com\/news\/","name":"Actualit\u00e9s - Fuzhou Xinxu Technology - Bo\u00eetier d'emballage | Accessoires d'emballage | Emballage de circuits int\u00e9gr\u00e9s | Bo\u00eetier en c\u00e9ramique multicouche | Bo\u00eetier en c\u00e9ramique noire | Bo\u00eetier en verre microcristallin | Capuchon T0 | T\u00f4le exc\u00e9dentaire | Cadres amovibles | Couvercles en m\u00e9tal | Cadres en plomb | Couvercles \u00e9tam\u00e9s aujourd'hui","isPartOf":{"@id":"https:\/\/www.fzxinxu.com\/#website"},"datePublished":"2023-07-20T15:23:34+00:00","dateModified":"2025-09-11T15:05:17+00:00","breadcrumb":{"@id":"https:\/\/www.fzxinxu.com\/news\/#breadcrumb"},"inLanguage":"fr-FR","potentialAction":[{"@type":"ReadAction","target":["https:\/\/www.fzxinxu.com\/news\/"]}]},{"@type":"BreadcrumbList","@id":"https:\/\/www.fzxinxu.com\/news\/#breadcrumb","itemListElement":[{"@type":"ListItem","position":1,"name":"\u9996\u9875","item":"https:\/\/www.fzxinxu.com\/"},{"@type":"ListItem","position":2,"name":"\u65b0\u95fb\u8d44\u8baf"}]},{"@type":"WebSite","@id":"https:\/\/www.fzxinxu.com\/#website","url":"https:\/\/www.fzxinxu.com\/","name":"Corex Technology - Bo\u00eetier d'emballage | Accessoires d'emballage | Emballage de circuits int\u00e9gr\u00e9s | Bo\u00eetier en c\u00e9ramique multicouche | Bo\u00eetier en c\u00e9ramique noire | Bo\u00eetier en verre microcristallin | Capuchon T0 | T\u00f4le exc\u00e9dentaire | Cadres amovibles | Capot sup\u00e9rieur en m\u00e9tal | Cadres de plomb | Couvercles \u00e9tam\u00e9s aujourd'hui","description":"","potentialAction":[{"@type":"SearchAction","target":{"@type":"EntryPoint","urlTemplate":"https:\/\/www.fzxinxu.com\/?s={search_term_string}"},"query-input":{"@type":"PropertyValueSpecification","valueRequired":true,"valueName":"search_term_string"}}],"inLanguage":"fr-FR"}]}},"_links":{"self":[{"href":"https:\/\/www.fzxinxu.com\/fr\/wp-json\/wp\/v2\/pages\/17","targetHints":{"allow":["GET"]}}],"collection":[{"href":"https:\/\/www.fzxinxu.com\/fr\/wp-json\/wp\/v2\/pages"}],"about":[{"href":"https:\/\/www.fzxinxu.com\/fr\/wp-json\/wp\/v2\/types\/page"}],"author":[{"embeddable":true,"href":"https:\/\/www.fzxinxu.com\/fr\/wp-json\/wp\/v2\/users\/1"}],"replies":[{"embeddable":true,"href":"https:\/\/www.fzxinxu.com\/fr\/wp-json\/wp\/v2\/comments?post=17"}],"version-history":[{"count":13,"href":"https:\/\/www.fzxinxu.com\/fr\/wp-json\/wp\/v2\/pages\/17\/revisions"}],"predecessor-version":[{"id":794,"href":"https:\/\/www.fzxinxu.com\/fr\/wp-json\/wp\/v2\/pages\/17\/revisions\/794"}],"wp:attachment":[{"href":"https:\/\/www.fzxinxu.com\/fr\/wp-json\/wp\/v2\/media?parent=17"}],"curies":[{"name":"wp","href":"https:\/\/api.w.org\/{rel}","templated":true}]}}