{"id":11,"date":"2023-07-20T15:20:34","date_gmt":"2023-07-20T15:20:34","guid":{"rendered":"https:\/\/fzxinxu.com\/?page_id=11"},"modified":"2025-09-11T15:03:10","modified_gmt":"2025-09-11T15:03:10","slug":"a-propos-de-nous","status":"publish","type":"page","link":"https:\/\/www.fzxinxu.com\/fr\/a-propos-de-nous\/","title":{"rendered":"Propos"},"content":{"rendered":"<div data-elementor-type=\"wp-page\" data-elementor-id=\"11\" class=\"elementor elementor-11\" data-elementor-post-type=\"page\">\n\t\t\t\t\t\t<section class=\"elementor-section elementor-top-section elementor-element elementor-element-e390c68 elementor-section-boxed elementor-section-height-default elementor-section-height-default\" data-id=\"e390c68\" data-element_type=\"section\" data-e-type=\"section\" data-settings=\"{&quot;background_background&quot;:&quot;classic&quot;}\">\n\t\t\t\t\t\t<div class=\"elementor-container elementor-column-gap-default\">\n\t\t\t\t\t<div class=\"elementor-column elementor-col-100 elementor-top-column elementor-element elementor-element-740e7b2\" data-id=\"740e7b2\" data-element_type=\"column\" data-e-type=\"column\">\n\t\t\t<div class=\"elementor-widget-wrap elementor-element-populated\">\n\t\t\t\t\t\t<div class=\"elementor-element elementor-element-fe6084d elementor-widget elementor-widget-heading\" data-id=\"fe6084d\" data-element_type=\"widget\" data-e-type=\"widget\" data-widget_type=\"heading.default\">\n\t\t\t\t<div class=\"elementor-widget-container\">\n\t\t\t\t\t<h2 class=\"elementor-heading-title elementor-size-default\">Propos<\/h2>\t\t\t\t<\/div>\n\t\t\t\t<\/div>\n\t\t\t\t\t<\/div>\n\t\t<\/div>\n\t\t\t\t\t<\/div>\n\t\t<\/section>\n\t\t\t\t<section class=\"elementor-section elementor-top-section elementor-element elementor-element-0cd7f37 elementor-section-boxed elementor-section-height-default elementor-section-height-default\" data-id=\"0cd7f37\" data-element_type=\"section\" data-e-type=\"section\" data-settings=\"{&quot;background_background&quot;:&quot;classic&quot;}\">\n\t\t\t\t\t\t<div class=\"elementor-container elementor-column-gap-default\">\n\t\t\t\t\t<div class=\"elementor-column elementor-col-100 elementor-top-column elementor-element elementor-element-bbba9c3\" data-id=\"bbba9c3\" data-element_type=\"column\" data-e-type=\"column\">\n\t\t\t<div class=\"elementor-widget-wrap elementor-element-populated\">\n\t\t\t\t\t\t<div class=\"elementor-element elementor-element-57eb0bc elementor-nav-menu__align-start elementor-nav-menu--dropdown-tablet elementor-nav-menu__text-align-aside elementor-nav-menu--toggle elementor-nav-menu--burger elementor-widget elementor-widget-nav-menu\" data-id=\"57eb0bc\" data-element_type=\"widget\" data-e-type=\"widget\" data-settings=\"{&quot;layout&quot;:&quot;horizontal&quot;,&quot;submenu_icon&quot;:{&quot;value&quot;:&quot;&lt;i class=\\&quot;fas fa-caret-down\\&quot; aria-hidden=\\&quot;true\\&quot;&gt;&lt;\\\/i&gt;&quot;,&quot;library&quot;:&quot;fa-solid&quot;},&quot;toggle&quot;:&quot;burger&quot;}\" data-widget_type=\"nav-menu.default\">\n\t\t\t\t<div class=\"elementor-widget-container\">\n\t\t\t\t\t\t\t\t<nav aria-label=\"Menu\" class=\"elementor-nav-menu--main elementor-nav-menu__container elementor-nav-menu--layout-horizontal e--pointer-background e--animation-fade\">\n\t\t\t\t<ul id=\"menu-1-57eb0bc\" class=\"elementor-nav-menu\"><li class=\"menu-item menu-item-type-post_type menu-item-object-page menu-item-286\"><a href=\"https:\/\/www.fzxinxu.com\/fr\/a-propos-de-nous\/\" class=\"elementor-item\">Profil de l'entreprise<\/a><\/li>\n<li class=\"menu-item menu-item-type-post_type menu-item-object-page menu-item-284\"><a href=\"https:\/\/www.fzxinxu.com\/fr\/equipement-de-test\/\" class=\"elementor-item\">Mat\u00e9riel d'inspection<\/a><\/li>\n<li class=\"menu-item menu-item-type-post_type menu-item-object-page menu-item-285\"><a href=\"https:\/\/www.fzxinxu.com\/fr\/honneur\/\" class=\"elementor-item\">Distinctions honorifiques<\/a><\/li>\n<li class=\"menu-item menu-item-type-post_type menu-item-object-page menu-item-282\"><a href=\"https:\/\/www.fzxinxu.com\/fr\/brevets\/\" class=\"elementor-item\">certificat de brevet<\/a><\/li>\n<li class=\"menu-item menu-item-type-post_type menu-item-object-page menu-item-283\"><a href=\"https:\/\/www.fzxinxu.com\/fr\/certificats-sgssaa\/\" class=\"elementor-item\">Essais et certification<\/a><\/li>\n<\/ul>\t\t\t<\/nav>\n\t\t\t\t\t<div class=\"elementor-menu-toggle\" role=\"button\" tabindex=\"0\" aria-label=\"Permuter le menu\" aria-expanded=\"false\">\n\t\t\t<i aria-hidden=\"true\" role=\"presentation\" class=\"elementor-menu-toggle__icon--open eicon-menu-bar\"><\/i><i aria-hidden=\"true\" role=\"presentation\" class=\"elementor-menu-toggle__icon--close eicon-close\"><\/i>\t\t<\/div>\n\t\t\t\t\t<nav class=\"elementor-nav-menu--dropdown elementor-nav-menu__container\" aria-hidden=\"true\">\n\t\t\t\t<ul id=\"menu-2-57eb0bc\" class=\"elementor-nav-menu\"><li class=\"menu-item menu-item-type-post_type menu-item-object-page menu-item-286\"><a href=\"https:\/\/www.fzxinxu.com\/fr\/a-propos-de-nous\/\" class=\"elementor-item\" tabindex=\"-1\">Profil de l'entreprise<\/a><\/li>\n<li class=\"menu-item menu-item-type-post_type menu-item-object-page menu-item-284\"><a href=\"https:\/\/www.fzxinxu.com\/fr\/equipement-de-test\/\" class=\"elementor-item\" tabindex=\"-1\">Mat\u00e9riel d'inspection<\/a><\/li>\n<li class=\"menu-item menu-item-type-post_type menu-item-object-page menu-item-285\"><a href=\"https:\/\/www.fzxinxu.com\/fr\/honneur\/\" class=\"elementor-item\" tabindex=\"-1\">Distinctions honorifiques<\/a><\/li>\n<li class=\"menu-item menu-item-type-post_type menu-item-object-page menu-item-282\"><a href=\"https:\/\/www.fzxinxu.com\/fr\/brevets\/\" class=\"elementor-item\" tabindex=\"-1\">certificat de brevet<\/a><\/li>\n<li class=\"menu-item menu-item-type-post_type menu-item-object-page menu-item-283\"><a href=\"https:\/\/www.fzxinxu.com\/fr\/certificats-sgssaa\/\" class=\"elementor-item\" tabindex=\"-1\">Essais et certification<\/a><\/li>\n<\/ul>\t\t\t<\/nav>\n\t\t\t\t\t\t<\/div>\n\t\t\t\t<\/div>\n\t\t\t\t\t<\/div>\n\t\t<\/div>\n\t\t\t\t\t<\/div>\n\t\t<\/section>\n\t\t\t\t<section class=\"elementor-section elementor-top-section elementor-element elementor-element-f056163 elementor-section-boxed elementor-section-height-default elementor-section-height-default\" data-id=\"f056163\" data-element_type=\"section\" data-e-type=\"section\">\n\t\t\t\t\t\t<div class=\"elementor-container elementor-column-gap-default\">\n\t\t\t\t\t<div class=\"elementor-column elementor-col-100 elementor-top-column elementor-element elementor-element-9a38947\" data-id=\"9a38947\" data-element_type=\"column\" data-e-type=\"column\">\n\t\t\t<div class=\"elementor-widget-wrap elementor-element-populated\">\n\t\t\t\t\t\t<div class=\"elementor-element elementor-element-5a9bd86 elementor-widget elementor-widget-heading\" data-id=\"5a9bd86\" data-element_type=\"widget\" data-e-type=\"widget\" data-widget_type=\"heading.default\">\n\t\t\t\t<div class=\"elementor-widget-container\">\n\t\t\t\t\t<h2 class=\"elementor-heading-title elementor-size-default\">Profil de l'entreprise<\/h2>\t\t\t\t<\/div>\n\t\t\t\t<\/div>\n\t\t\t\t<div class=\"elementor-element elementor-element-21c5afc elementor-widget-divider--view-line_icon elementor-view-default elementor-widget-divider--element-align-center elementor-widget elementor-widget-divider\" data-id=\"21c5afc\" data-element_type=\"widget\" data-e-type=\"widget\" data-widget_type=\"divider.default\">\n\t\t\t\t<div class=\"elementor-widget-container\">\n\t\t\t\t\t\t\t<div class=\"elementor-divider\">\n\t\t\t<span class=\"elementor-divider-separator\">\n\t\t\t\t\t\t\t<div class=\"elementor-icon elementor-divider__element\">\n\t\t\t\t\t<i aria-hidden=\"true\" class=\"far fa-gem\"><\/i><\/div>\n\t\t\t\t\t\t<\/span>\n\t\t<\/div>\n\t\t\t\t\t\t<\/div>\n\t\t\t\t<\/div>\n\t\t\t\t\t<\/div>\n\t\t<\/div>\n\t\t\t\t\t<\/div>\n\t\t<\/section>\n\t\t\t\t<section class=\"elementor-section elementor-top-section elementor-element elementor-element-27ecdeb elementor-section-boxed elementor-section-height-default elementor-section-height-default\" data-id=\"27ecdeb\" data-element_type=\"section\" data-e-type=\"section\">\n\t\t\t\t\t\t<div class=\"elementor-container elementor-column-gap-default\">\n\t\t\t\t\t<div class=\"elementor-column elementor-col-50 elementor-top-column elementor-element elementor-element-6c30942\" data-id=\"6c30942\" data-element_type=\"column\" data-e-type=\"column\">\n\t\t\t<div class=\"elementor-widget-wrap elementor-element-populated\">\n\t\t\t\t\t\t<div class=\"elementor-element elementor-element-16399eb elementor-widget elementor-widget-image\" data-id=\"16399eb\" data-element_type=\"widget\" data-e-type=\"widget\" data-widget_type=\"image.default\">\n\t\t\t\t<div class=\"elementor-widget-container\">\n\t\t\t\t\t\t\t\t\t\t\t\t\t\t\t<img fetchpriority=\"high\" decoding=\"async\" width=\"800\" height=\"600\" src=\"https:\/\/www.fzxinxu.com\/wp-content\/uploads\/2023\/07\/Fuzhou-Xinxu-Technology-Co-Ltd.jpg\" class=\"attachment-large size-large wp-image-88\" alt=\"\" srcset=\"https:\/\/www.fzxinxu.com\/wp-content\/uploads\/2023\/07\/Fuzhou-Xinxu-Technology-Co-Ltd.jpg 1000w, https:\/\/www.fzxinxu.com\/wp-content\/uploads\/2023\/07\/Fuzhou-Xinxu-Technology-Co-Ltd-600x450.jpg 600w, https:\/\/www.fzxinxu.com\/wp-content\/uploads\/2023\/07\/Fuzhou-Xinxu-Technology-Co-Ltd-300x225.jpg 300w, https:\/\/www.fzxinxu.com\/wp-content\/uploads\/2023\/07\/Fuzhou-Xinxu-Technology-Co-Ltd-768x576.jpg 768w\" sizes=\"(max-width: 800px) 100vw, 800px\" \/>\t\t\t\t\t\t\t\t\t\t\t\t\t\t\t<\/div>\n\t\t\t\t<\/div>\n\t\t\t\t\t<\/div>\n\t\t<\/div>\n\t\t\t\t<div class=\"elementor-column elementor-col-50 elementor-top-column elementor-element elementor-element-8831f5e\" data-id=\"8831f5e\" data-element_type=\"column\" data-e-type=\"column\">\n\t\t\t<div class=\"elementor-widget-wrap elementor-element-populated\">\n\t\t\t\t\t\t<div class=\"elementor-element elementor-element-1bce770 elementor-widget elementor-widget-text-editor\" data-id=\"1bce770\" data-element_type=\"widget\" data-e-type=\"widget\" data-widget_type=\"text-editor.default\">\n\t\t\t\t<div class=\"elementor-widget-container\">\n\t\t\t\t\t\t\t\t\t<p>L'entreprise est une entreprise nationale de haute technologie, une entreprise nationale de \"sp\u00e9cialit\u00e9, sp\u00e9cialit\u00e9 et nouveau petit g\u00e9ant\", une entreprise provinciale innovante, une entreprise provinciale de pointe en microtechnologie de petite et moyenne taille, un centre provincial de recherche en technologie d'ing\u00e9nierie pour les mat\u00e9riaux d'emballage en c\u00e9ramique, une entreprise avantageuse en termes de propri\u00e9t\u00e9 intellectuelle de la province de Fujian et un centre municipal de technologie d'entreprise. \u00c0 l'heure actuelle, l'entreprise se consacre principalement \u00e0 la production, \u00e0 la recherche et au d\u00e9veloppement de c\u00e9ramiques \u00e9lectroniques, de produits d'emballage micro\u00e9lectroniques et de produits d'\u00e9clairage LED. Divers produits ont \u00e9t\u00e9 r\u00e9compens\u00e9s par des prix nationaux, provinciaux et municipaux de la recherche scientifique ; parmi eux, les circuits int\u00e9gr\u00e9s mont\u00e9s en surface avec des enveloppes d'encapsulation en verre \u00e0 basse temp\u00e9rature ont \u00e9t\u00e9 d\u00e9sign\u00e9s nouveaux produits cl\u00e9s nationaux et nouveaux produits excellents provinciaux en 2008.<\/p><p>L'entreprise poss\u00e8de 3 brevets d'invention nationaux, 34 brevets de mod\u00e8les d'utilit\u00e9 et 2 brevets de conception. Les bo\u00eetiers \u00e9lectroniques produits par l'entreprise sont largement utilis\u00e9s dans les oscillateurs \u00e0 cristal, les r\u00e9sonateurs, les filtres \u00e0 ondes acoustiques de surface (SAW) et les circuits int\u00e9gr\u00e9s, et les produits sont vendus dans tout le pays et export\u00e9s dans le monde entier. IC black ceramic low temperature glass package shell (CERDIP, CFP two kinds) est un fabricant important en Chine, principalement utilis\u00e9 dans l'arm\u00e9e, l'automobile, l'\u00e9quipement m\u00e9dical et l'emballage micro\u00e9lectronique pour des exigences de qualit\u00e9 et de fiabilit\u00e9 \u00e9lev\u00e9es. Les produits sont vendus \u00e0 Beijing, Shanghai, Shenzhen, Chongqing, Xi'an, Jiangsu, Gansu, Liaoning, Hunan, Guizhou et d'autres provinces, municipalit\u00e9s et r\u00e9gions autonomes. En 2015, l'entreprise a investi 10 millions de yuans dans le nouveau projet d'enveloppe d'encapsulation CFP et de cadre de plomb, et les produits sont fournis aux \u00c9tats-Unis et \u00e0 d'autres pays.....<\/p>\t\t\t\t\t\t\t\t<\/div>\n\t\t\t\t<\/div>\n\t\t\t\t\t<\/div>\n\t\t<\/div>\n\t\t\t\t\t<\/div>\n\t\t<\/section>\n\t\t\t\t<section class=\"elementor-section elementor-top-section elementor-element elementor-element-15366a7 elementor-section-boxed elementor-section-height-default elementor-section-height-default\" data-id=\"15366a7\" data-element_type=\"section\" data-e-type=\"section\">\n\t\t\t\t\t\t<div class=\"elementor-container elementor-column-gap-default\">\n\t\t\t\t\t<div class=\"elementor-column elementor-col-100 elementor-top-column elementor-element elementor-element-b7f4ad2\" data-id=\"b7f4ad2\" data-element_type=\"column\" data-e-type=\"column\">\n\t\t\t<div class=\"elementor-widget-wrap elementor-element-populated\">\n\t\t\t\t\t\t<div class=\"elementor-element elementor-element-4a365bd elementor-widget elementor-widget-image\" data-id=\"4a365bd\" data-element_type=\"widget\" data-e-type=\"widget\" data-widget_type=\"image.default\">\n\t\t\t\t<div class=\"elementor-widget-container\">\n\t\t\t\t\t\t\t\t\t\t\t\t\t\t\t<img decoding=\"async\" width=\"1400\" height=\"312\" src=\"https:\/\/www.fzxinxu.com\/wp-content\/uploads\/2023\/08\/factory-img-01.jpg\" class=\"attachment-full size-full wp-image-330\" alt=\"\" srcset=\"https:\/\/www.fzxinxu.com\/wp-content\/uploads\/2023\/08\/factory-img-01.jpg 1400w, https:\/\/www.fzxinxu.com\/wp-content\/uploads\/2023\/08\/factory-img-01-600x134.jpg 600w, https:\/\/www.fzxinxu.com\/wp-content\/uploads\/2023\/08\/factory-img-01-300x67.jpg 300w, https:\/\/www.fzxinxu.com\/wp-content\/uploads\/2023\/08\/factory-img-01-1024x228.jpg 1024w, https:\/\/www.fzxinxu.com\/wp-content\/uploads\/2023\/08\/factory-img-01-768x171.jpg 768w\" sizes=\"(max-width: 1400px) 100vw, 1400px\" \/>\t\t\t\t\t\t\t\t\t\t\t\t\t\t\t<\/div>\n\t\t\t\t<\/div>\n\t\t\t\t<div class=\"elementor-element elementor-element-15d20bd elementor-widget elementor-widget-image\" data-id=\"15d20bd\" data-element_type=\"widget\" data-e-type=\"widget\" data-widget_type=\"image.default\">\n\t\t\t\t<div class=\"elementor-widget-container\">\n\t\t\t\t\t\t\t\t\t\t\t\t\t\t\t<img decoding=\"async\" width=\"1400\" height=\"228\" src=\"https:\/\/www.fzxinxu.com\/wp-content\/uploads\/2023\/08\/factory-img-02.jpg\" class=\"attachment-full size-full wp-image-331\" alt=\"\" srcset=\"https:\/\/www.fzxinxu.com\/wp-content\/uploads\/2023\/08\/factory-img-02.jpg 1400w, https:\/\/www.fzxinxu.com\/wp-content\/uploads\/2023\/08\/factory-img-02-600x98.jpg 600w, https:\/\/www.fzxinxu.com\/wp-content\/uploads\/2023\/08\/factory-img-02-300x49.jpg 300w, https:\/\/www.fzxinxu.com\/wp-content\/uploads\/2023\/08\/factory-img-02-1024x167.jpg 1024w, https:\/\/www.fzxinxu.com\/wp-content\/uploads\/2023\/08\/factory-img-02-768x125.jpg 768w\" sizes=\"(max-width: 1400px) 100vw, 1400px\" \/>\t\t\t\t\t\t\t\t\t\t\t\t\t\t\t<\/div>\n\t\t\t\t<\/div>\n\t\t\t\t\t<\/div>\n\t\t<\/div>\n\t\t\t\t\t<\/div>\n\t\t<\/section>\n\t\t\t\t<\/div>","protected":false},"excerpt":{"rendered":"<p>\u00c0 propos de Corex Enterprise Introduction Entreprise nationale de haute technologie, entreprise nationale de \u201csp\u00e9cialit\u00e9, sp\u00e9cialit\u00e9, sp\u00e9cialit\u00e9, petit g\u00e9ant\u201d, entreprise provinciale innovante, entreprise provinciale de petite et moyenne taille \u00e0 la pointe de la microtechnologie, entreprise provinciale de c\u00e9ramique [...]....<\/p>","protected":false},"author":1,"featured_media":0,"parent":0,"menu_order":0,"comment_status":"closed","ping_status":"closed","template":"","meta":{"footnotes":""},"class_list":["post-11","page","type-page","status-publish","hentry"],"yoast_head":"<!-- This site is optimized with the Yoast SEO plugin v27.4 - https:\/\/yoast.com\/product\/yoast-seo-wordpress\/ -->\n<title>\u5173\u4e8e\u82af\u65ed - \u798f\u5dde\u82af\u65ed\u79d1\u6280- \u4e13\u6ce8\u4e8e\u5c01\u88c5\u5916\u58f3| \u5c01\u88c5\u914d\u4ef6| IC\u5c01\u88c5| \u591a\u5c42\u9676\u74f7\u5916\u58f3 | \u9ed1\u9676\u74f7\u5916\u58f3 | \u5fae\u6676\u73bb\u7483\u5916\u58f3 | T0\u7ba1\u5e3d | \u8fc7\u5ea6\u7247 | \u53ef\u4f10\u6846 | \u91d1\u5c5e\u4e0a\u76d6 | \u5f15\u7ebf\u6846\u67b6 | \u4eca\u9521\u76d6\u677f<\/title>\n<meta name=\"robots\" content=\"index, follow, max-snippet:-1, max-image-preview:large, max-video-preview:-1\" \/>\n<link rel=\"canonical\" href=\"https:\/\/www.fzxinxu.com\/fr\/a-propos-de-nous\/\" \/>\n<meta property=\"og:locale\" content=\"fr_FR\" \/>\n<meta property=\"og:type\" content=\"article\" \/>\n<meta property=\"og:title\" content=\"\u5173\u4e8e\u82af\u65ed - \u798f\u5dde\u82af\u65ed\u79d1\u6280- \u4e13\u6ce8\u4e8e\u5c01\u88c5\u5916\u58f3| \u5c01\u88c5\u914d\u4ef6| IC\u5c01\u88c5| \u591a\u5c42\u9676\u74f7\u5916\u58f3 | \u9ed1\u9676\u74f7\u5916\u58f3 | \u5fae\u6676\u73bb\u7483\u5916\u58f3 | T0\u7ba1\u5e3d | \u8fc7\u5ea6\u7247 | \u53ef\u4f10\u6846 | \u91d1\u5c5e\u4e0a\u76d6 | \u5f15\u7ebf\u6846\u67b6 | \u4eca\u9521\u76d6\u677f\" \/>\n<meta property=\"og:description\" content=\"\u5173\u4e8e\u82af\u65ed \u4f01\u4e1a\u4ecb\u7ecd \u56fd\u5bb6\u9ad8\u65b0\u6280\u672f\u4f01\u4e1a\u3001\u56fd\u5bb6\u7ea7\u201c\u4e13\u7cbe\u7279\u65b0\u5c0f\u5de8\u4eba\u201d\u4f01\u4e1a\u3001\u7701\u521b\u65b0\u578b\u4f01\u4e1a\u3001\u7701\u4e2d\u5c0f\u5fae\u79d1\u6280\u9886\u519b\u4f01\u4e1a\u3001\u7701\u9676\u74f7 [&hellip;]\" \/>\n<meta property=\"og:url\" content=\"https:\/\/www.fzxinxu.com\/fr\/a-propos-de-nous\/\" \/>\n<meta property=\"og:site_name\" content=\"\u798f\u5dde\u82af\u65ed\u79d1\u6280- \u4e13\u6ce8\u4e8e\u5c01\u88c5\u5916\u58f3| \u5c01\u88c5\u914d\u4ef6| IC\u5c01\u88c5| \u591a\u5c42\u9676\u74f7\u5916\u58f3 | \u9ed1\u9676\u74f7\u5916\u58f3 | \u5fae\u6676\u73bb\u7483\u5916\u58f3 | T0\u7ba1\u5e3d | \u8fc7\u5ea6\u7247 | \u53ef\u4f10\u6846 | \u91d1\u5c5e\u4e0a\u76d6 | \u5f15\u7ebf\u6846\u67b6 | \u4eca\u9521\u76d6\u677f\" \/>\n<meta property=\"article:modified_time\" content=\"2025-09-11T15:03:10+00:00\" \/>\n<meta property=\"og:image\" content=\"https:\/\/fzxinxu.com\/wp-content\/uploads\/2023\/07\/Fuzhou-Xinxu-Technology-Co-Ltd.jpg\" \/>\n<meta name=\"twitter:card\" content=\"summary_large_image\" \/>\n<script type=\"application\/ld+json\" class=\"yoast-schema-graph\">{\"@context\":\"https:\\\/\\\/schema.org\",\"@graph\":[{\"@type\":\"WebPage\",\"@id\":\"https:\\\/\\\/www.fzxinxu.com\\\/about-us\\\/\",\"url\":\"https:\\\/\\\/www.fzxinxu.com\\\/about-us\\\/\",\"name\":\"\u5173\u4e8e\u82af\u65ed - \u798f\u5dde\u82af\u65ed\u79d1\u6280- \u4e13\u6ce8\u4e8e\u5c01\u88c5\u5916\u58f3| \u5c01\u88c5\u914d\u4ef6| IC\u5c01\u88c5| \u591a\u5c42\u9676\u74f7\u5916\u58f3 | \u9ed1\u9676\u74f7\u5916\u58f3 | \u5fae\u6676\u73bb\u7483\u5916\u58f3 | T0\u7ba1\u5e3d | \u8fc7\u5ea6\u7247 | \u53ef\u4f10\u6846 | \u91d1\u5c5e\u4e0a\u76d6 | \u5f15\u7ebf\u6846\u67b6 | \u4eca\u9521\u76d6\u677f\",\"isPartOf\":{\"@id\":\"https:\\\/\\\/www.fzxinxu.com\\\/#website\"},\"primaryImageOfPage\":{\"@id\":\"https:\\\/\\\/www.fzxinxu.com\\\/about-us\\\/#primaryimage\"},\"image\":{\"@id\":\"https:\\\/\\\/www.fzxinxu.com\\\/about-us\\\/#primaryimage\"},\"thumbnailUrl\":\"https:\\\/\\\/fzxinxu.com\\\/wp-content\\\/uploads\\\/2023\\\/07\\\/Fuzhou-Xinxu-Technology-Co-Ltd.jpg\",\"datePublished\":\"2023-07-20T15:20:34+00:00\",\"dateModified\":\"2025-09-11T15:03:10+00:00\",\"breadcrumb\":{\"@id\":\"https:\\\/\\\/www.fzxinxu.com\\\/about-us\\\/#breadcrumb\"},\"inLanguage\":\"fr-FR\",\"potentialAction\":[{\"@type\":\"ReadAction\",\"target\":[\"https:\\\/\\\/www.fzxinxu.com\\\/about-us\\\/\"]}]},{\"@type\":\"ImageObject\",\"inLanguage\":\"fr-FR\",\"@id\":\"https:\\\/\\\/www.fzxinxu.com\\\/about-us\\\/#primaryimage\",\"url\":\"https:\\\/\\\/fzxinxu.com\\\/wp-content\\\/uploads\\\/2023\\\/07\\\/Fuzhou-Xinxu-Technology-Co-Ltd.jpg\",\"contentUrl\":\"https:\\\/\\\/fzxinxu.com\\\/wp-content\\\/uploads\\\/2023\\\/07\\\/Fuzhou-Xinxu-Technology-Co-Ltd.jpg\"},{\"@type\":\"BreadcrumbList\",\"@id\":\"https:\\\/\\\/www.fzxinxu.com\\\/about-us\\\/#breadcrumb\",\"itemListElement\":[{\"@type\":\"ListItem\",\"position\":1,\"name\":\"\u9996\u9875\",\"item\":\"https:\\\/\\\/www.fzxinxu.com\\\/\"},{\"@type\":\"ListItem\",\"position\":2,\"name\":\"\u5173\u4e8e\u82af\u65ed\"}]},{\"@type\":\"WebSite\",\"@id\":\"https:\\\/\\\/www.fzxinxu.com\\\/#website\",\"url\":\"https:\\\/\\\/www.fzxinxu.com\\\/\",\"name\":\"\u798f\u5dde\u82af\u65ed\u79d1\u6280- \u4e13\u6ce8\u4e8e\u5c01\u88c5\u5916\u58f3| \u5c01\u88c5\u914d\u4ef6| IC\u5c01\u88c5| \u591a\u5c42\u9676\u74f7\u5916\u58f3 | \u9ed1\u9676\u74f7\u5916\u58f3 | \u5fae\u6676\u73bb\u7483\u5916\u58f3 | T0\u7ba1\u5e3d | \u8fc7\u5ea6\u7247 | \u53ef\u4f10\u6846 | \u91d1\u5c5e\u4e0a\u76d6 | \u5f15\u7ebf\u6846\u67b6 | \u4eca\u9521\u76d6\u677f\",\"description\":\"\",\"potentialAction\":[{\"@type\":\"SearchAction\",\"target\":{\"@type\":\"EntryPoint\",\"urlTemplate\":\"https:\\\/\\\/www.fzxinxu.com\\\/?s={search_term_string}\"},\"query-input\":{\"@type\":\"PropertyValueSpecification\",\"valueRequired\":true,\"valueName\":\"search_term_string\"}}],\"inLanguage\":\"fr-FR\"}]}<\/script>\n<!-- \/ Yoast SEO plugin. -->","yoast_head_json":{"title":"\u00c0 propos de Corexus - Corexus Technology Corp. est sp\u00e9cialis\u00e9 dans les bo\u00eetiers d'emballage, les accessoires d'emballage, l'emballage de circuits int\u00e9gr\u00e9s, les bo\u00eetiers en c\u00e9ramique multicouche, les bo\u00eetiers en c\u00e9ramique noire, les bo\u00eetiers en verre microcristallin, les capuchons T0, les recouvrements, les cadres amovibles, les couvercles m\u00e9talliques, les cadres en plomb et les couvercles en fer-blanc.","robots":{"index":"index","follow":"follow","max-snippet":"max-snippet:-1","max-image-preview":"max-image-preview:large","max-video-preview":"max-video-preview:-1"},"canonical":"https:\/\/www.fzxinxu.com\/fr\/a-propos-de-nous\/","og_locale":"fr_FR","og_type":"article","og_title":"\u5173\u4e8e\u82af\u65ed - \u798f\u5dde\u82af\u65ed\u79d1\u6280- \u4e13\u6ce8\u4e8e\u5c01\u88c5\u5916\u58f3| \u5c01\u88c5\u914d\u4ef6| IC\u5c01\u88c5| \u591a\u5c42\u9676\u74f7\u5916\u58f3 | \u9ed1\u9676\u74f7\u5916\u58f3 | \u5fae\u6676\u73bb\u7483\u5916\u58f3 | T0\u7ba1\u5e3d | \u8fc7\u5ea6\u7247 | \u53ef\u4f10\u6846 | \u91d1\u5c5e\u4e0a\u76d6 | \u5f15\u7ebf\u6846\u67b6 | \u4eca\u9521\u76d6\u677f","og_description":"\u5173\u4e8e\u82af\u65ed \u4f01\u4e1a\u4ecb\u7ecd \u56fd\u5bb6\u9ad8\u65b0\u6280\u672f\u4f01\u4e1a\u3001\u56fd\u5bb6\u7ea7\u201c\u4e13\u7cbe\u7279\u65b0\u5c0f\u5de8\u4eba\u201d\u4f01\u4e1a\u3001\u7701\u521b\u65b0\u578b\u4f01\u4e1a\u3001\u7701\u4e2d\u5c0f\u5fae\u79d1\u6280\u9886\u519b\u4f01\u4e1a\u3001\u7701\u9676\u74f7 [&hellip;]","og_url":"https:\/\/www.fzxinxu.com\/fr\/a-propos-de-nous\/","og_site_name":"\u798f\u5dde\u82af\u65ed\u79d1\u6280- \u4e13\u6ce8\u4e8e\u5c01\u88c5\u5916\u58f3| \u5c01\u88c5\u914d\u4ef6| IC\u5c01\u88c5| \u591a\u5c42\u9676\u74f7\u5916\u58f3 | \u9ed1\u9676\u74f7\u5916\u58f3 | \u5fae\u6676\u73bb\u7483\u5916\u58f3 | T0\u7ba1\u5e3d | \u8fc7\u5ea6\u7247 | \u53ef\u4f10\u6846 | \u91d1\u5c5e\u4e0a\u76d6 | \u5f15\u7ebf\u6846\u67b6 | \u4eca\u9521\u76d6\u677f","article_modified_time":"2025-09-11T15:03:10+00:00","og_image":[{"url":"https:\/\/fzxinxu.com\/wp-content\/uploads\/2023\/07\/Fuzhou-Xinxu-Technology-Co-Ltd.jpg","type":"","width":"","height":""}],"twitter_card":"summary_large_image","schema":{"@context":"https:\/\/schema.org","@graph":[{"@type":"WebPage","@id":"https:\/\/www.fzxinxu.com\/about-us\/","url":"https:\/\/www.fzxinxu.com\/about-us\/","name":"\u00c0 propos de Corexus - Corexus Technology Corp. est sp\u00e9cialis\u00e9 dans les bo\u00eetiers d'emballage, les accessoires d'emballage, l'emballage de circuits int\u00e9gr\u00e9s, les bo\u00eetiers en c\u00e9ramique multicouche, les bo\u00eetiers en c\u00e9ramique noire, les bo\u00eetiers en verre microcristallin, les capuchons T0, les recouvrements, les cadres amovibles, les couvercles m\u00e9talliques, les cadres en plomb et les couvercles en fer-blanc.","isPartOf":{"@id":"https:\/\/www.fzxinxu.com\/#website"},"primaryImageOfPage":{"@id":"https:\/\/www.fzxinxu.com\/about-us\/#primaryimage"},"image":{"@id":"https:\/\/www.fzxinxu.com\/about-us\/#primaryimage"},"thumbnailUrl":"https:\/\/fzxinxu.com\/wp-content\/uploads\/2023\/07\/Fuzhou-Xinxu-Technology-Co-Ltd.jpg","datePublished":"2023-07-20T15:20:34+00:00","dateModified":"2025-09-11T15:03:10+00:00","breadcrumb":{"@id":"https:\/\/www.fzxinxu.com\/about-us\/#breadcrumb"},"inLanguage":"fr-FR","potentialAction":[{"@type":"ReadAction","target":["https:\/\/www.fzxinxu.com\/about-us\/"]}]},{"@type":"ImageObject","inLanguage":"fr-FR","@id":"https:\/\/www.fzxinxu.com\/about-us\/#primaryimage","url":"https:\/\/fzxinxu.com\/wp-content\/uploads\/2023\/07\/Fuzhou-Xinxu-Technology-Co-Ltd.jpg","contentUrl":"https:\/\/fzxinxu.com\/wp-content\/uploads\/2023\/07\/Fuzhou-Xinxu-Technology-Co-Ltd.jpg"},{"@type":"BreadcrumbList","@id":"https:\/\/www.fzxinxu.com\/about-us\/#breadcrumb","itemListElement":[{"@type":"ListItem","position":1,"name":"\u9996\u9875","item":"https:\/\/www.fzxinxu.com\/"},{"@type":"ListItem","position":2,"name":"\u5173\u4e8e\u82af\u65ed"}]},{"@type":"WebSite","@id":"https:\/\/www.fzxinxu.com\/#website","url":"https:\/\/www.fzxinxu.com\/","name":"Corex Technology - Bo\u00eetier d'emballage | Accessoires d'emballage | Emballage de circuits int\u00e9gr\u00e9s | Bo\u00eetier en c\u00e9ramique multicouche | Bo\u00eetier en c\u00e9ramique noire | Bo\u00eetier en verre microcristallin | Capuchon T0 | T\u00f4le exc\u00e9dentaire | Cadres amovibles | Capot sup\u00e9rieur en m\u00e9tal | Cadres de plomb | Couvercles \u00e9tam\u00e9s aujourd'hui","description":"","potentialAction":[{"@type":"SearchAction","target":{"@type":"EntryPoint","urlTemplate":"https:\/\/www.fzxinxu.com\/?s={search_term_string}"},"query-input":{"@type":"PropertyValueSpecification","valueRequired":true,"valueName":"search_term_string"}}],"inLanguage":"fr-FR"}]}},"_links":{"self":[{"href":"https:\/\/www.fzxinxu.com\/fr\/wp-json\/wp\/v2\/pages\/11","targetHints":{"allow":["GET"]}}],"collection":[{"href":"https:\/\/www.fzxinxu.com\/fr\/wp-json\/wp\/v2\/pages"}],"about":[{"href":"https:\/\/www.fzxinxu.com\/fr\/wp-json\/wp\/v2\/types\/page"}],"author":[{"embeddable":true,"href":"https:\/\/www.fzxinxu.com\/fr\/wp-json\/wp\/v2\/users\/1"}],"replies":[{"embeddable":true,"href":"https:\/\/www.fzxinxu.com\/fr\/wp-json\/wp\/v2\/comments?post=11"}],"version-history":[{"count":10,"href":"https:\/\/www.fzxinxu.com\/fr\/wp-json\/wp\/v2\/pages\/11\/revisions"}],"predecessor-version":[{"id":782,"href":"https:\/\/www.fzxinxu.com\/fr\/wp-json\/wp\/v2\/pages\/11\/revisions\/782"}],"wp:attachment":[{"href":"https:\/\/www.fzxinxu.com\/fr\/wp-json\/wp\/v2\/media?parent=11"}],"curies":[{"name":"wp","href":"https:\/\/api.w.org\/{rel}","templated":true}]}}