{"id":691,"date":"2023-09-15T02:45:35","date_gmt":"2023-09-15T02:45:35","guid":{"rendered":"https:\/\/fzxinxu.com\/?post_type=product&#038;p=691"},"modified":"2023-09-15T02:45:53","modified_gmt":"2023-09-15T02:45:53","slug":"pegatinas-de-mesa-lead-wire-20-wire","status":"publish","type":"product","link":"https:\/\/www.fzxinxu.com\/es\/product\/pegatinas-de-mesa-lead-wire-20-wire\/","title":{"rendered":"Alambre de plomo - adhesivo de mesa 20 l\u00edneas"},"content":{"rendered":"","protected":false},"excerpt":{"rendered":"","protected":false},"featured_media":681,"comment_status":"open","ping_status":"closed","template":"","meta":[],"product_brand":[],"product_cat":[33,24],"product_tag":[],"class_list":{"0":"post-691","1":"product","2":"type-product","3":"status-publish","4":"has-post-thumbnail","6":"product_cat-33","7":"product_cat-24","9":"first","10":"instock","11":"shipping-taxable","12":"product-type-simple"},"yoast_head":"<!-- This site is optimized with the Yoast SEO plugin v26.4 - https:\/\/yoast.com\/wordpress\/plugins\/seo\/ -->\n<title>\u5f15\u7ebf-\u8868\u8d3420\u7ebf - \u798f\u5dde\u82af\u65ed\u79d1\u6280- \u4e13\u6ce8\u4e8e\u5c01\u88c5\u5916\u58f3| \u5c01\u88c5\u914d\u4ef6| IC\u5c01\u88c5| \u591a\u5c42\u9676\u74f7\u5916\u58f3 | \u9ed1\u9676\u74f7\u5916\u58f3 | \u5fae\u6676\u73bb\u7483\u5916\u58f3 | T0\u7ba1\u5e3d | \u8fc7\u5ea6\u7247 | \u53ef\u4f10\u6846 | \u91d1\u5c5e\u4e0a\u76d6 | \u5f15\u7ebf\u6846\u67b6 | \u4eca\u9521\u76d6\u677f<\/title>\n<meta name=\"robots\" content=\"index, follow, max-snippet:-1, max-image-preview:large, max-video-preview:-1\" \/>\n<link rel=\"canonical\" href=\"https:\/\/www.fzxinxu.com\/es\/product\/pegatinas-de-mesa-lead-wire-20-wire\/\" \/>\n<meta property=\"og:locale\" content=\"es_ES\" \/>\n<meta property=\"og:type\" content=\"article\" \/>\n<meta property=\"og:title\" content=\"\u5f15\u7ebf-\u8868\u8d3420\u7ebf - \u798f\u5dde\u82af\u65ed\u79d1\u6280- \u4e13\u6ce8\u4e8e\u5c01\u88c5\u5916\u58f3| \u5c01\u88c5\u914d\u4ef6| IC\u5c01\u88c5| \u591a\u5c42\u9676\u74f7\u5916\u58f3 | \u9ed1\u9676\u74f7\u5916\u58f3 | \u5fae\u6676\u73bb\u7483\u5916\u58f3 | T0\u7ba1\u5e3d | \u8fc7\u5ea6\u7247 | \u53ef\u4f10\u6846 | \u91d1\u5c5e\u4e0a\u76d6 | \u5f15\u7ebf\u6846\u67b6 | \u4eca\u9521\u76d6\u677f\" \/>\n<meta property=\"og:url\" content=\"https:\/\/www.fzxinxu.com\/es\/product\/pegatinas-de-mesa-lead-wire-20-wire\/\" \/>\n<meta property=\"og:site_name\" content=\"\u798f\u5dde\u82af\u65ed\u79d1\u6280- \u4e13\u6ce8\u4e8e\u5c01\u88c5\u5916\u58f3| \u5c01\u88c5\u914d\u4ef6| IC\u5c01\u88c5| \u591a\u5c42\u9676\u74f7\u5916\u58f3 | \u9ed1\u9676\u74f7\u5916\u58f3 | \u5fae\u6676\u73bb\u7483\u5916\u58f3 | T0\u7ba1\u5e3d | \u8fc7\u5ea6\u7247 | \u53ef\u4f10\u6846 | \u91d1\u5c5e\u4e0a\u76d6 | \u5f15\u7ebf\u6846\u67b6 | \u4eca\u9521\u76d6\u677f\" \/>\n<meta property=\"article:modified_time\" content=\"2023-09-15T02:45:53+00:00\" \/>\n<meta property=\"og:image\" content=\"https:\/\/www.fzxinxu.com\/wp-content\/uploads\/2023\/09\/\u5f15\u7ebf-\u8868\u8d3420\u7ebf-1.jpg\" \/>\n\t<meta property=\"og:image:width\" content=\"800\" \/>\n\t<meta property=\"og:image:height\" content=\"800\" \/>\n\t<meta property=\"og:image:type\" content=\"image\/jpeg\" \/>\n<meta name=\"twitter:card\" content=\"summary_large_image\" \/>\n<script type=\"application\/ld+json\" class=\"yoast-schema-graph\">{\"@context\":\"https:\/\/schema.org\",\"@graph\":[{\"@type\":\"WebPage\",\"@id\":\"https:\/\/www.fzxinxu.com\/product\/%e5%bc%95%e7%ba%bf-%e8%a1%a8%e8%b4%b420%e7%ba%bf\/\",\"url\":\"https:\/\/www.fzxinxu.com\/product\/%e5%bc%95%e7%ba%bf-%e8%a1%a8%e8%b4%b420%e7%ba%bf\/\",\"name\":\"\u5f15\u7ebf-\u8868\u8d3420\u7ebf - \u798f\u5dde\u82af\u65ed\u79d1\u6280- \u4e13\u6ce8\u4e8e\u5c01\u88c5\u5916\u58f3| \u5c01\u88c5\u914d\u4ef6| IC\u5c01\u88c5| \u591a\u5c42\u9676\u74f7\u5916\u58f3 | \u9ed1\u9676\u74f7\u5916\u58f3 | \u5fae\u6676\u73bb\u7483\u5916\u58f3 | T0\u7ba1\u5e3d | \u8fc7\u5ea6\u7247 | \u53ef\u4f10\u6846 | \u91d1\u5c5e\u4e0a\u76d6 | \u5f15\u7ebf\u6846\u67b6 | \u4eca\u9521\u76d6\u677f\",\"isPartOf\":{\"@id\":\"https:\/\/www.fzxinxu.com\/#website\"},\"primaryImageOfPage\":{\"@id\":\"https:\/\/www.fzxinxu.com\/product\/%e5%bc%95%e7%ba%bf-%e8%a1%a8%e8%b4%b420%e7%ba%bf\/#primaryimage\"},\"image\":{\"@id\":\"https:\/\/www.fzxinxu.com\/product\/%e5%bc%95%e7%ba%bf-%e8%a1%a8%e8%b4%b420%e7%ba%bf\/#primaryimage\"},\"thumbnailUrl\":\"https:\/\/www.fzxinxu.com\/wp-content\/uploads\/2023\/09\/\u5f15\u7ebf-\u8868\u8d3420\u7ebf-1.jpg\",\"datePublished\":\"2023-09-15T02:45:35+00:00\",\"dateModified\":\"2023-09-15T02:45:53+00:00\",\"breadcrumb\":{\"@id\":\"https:\/\/www.fzxinxu.com\/product\/%e5%bc%95%e7%ba%bf-%e8%a1%a8%e8%b4%b420%e7%ba%bf\/#breadcrumb\"},\"inLanguage\":\"es\",\"potentialAction\":[{\"@type\":\"ReadAction\",\"target\":[\"https:\/\/www.fzxinxu.com\/product\/%e5%bc%95%e7%ba%bf-%e8%a1%a8%e8%b4%b420%e7%ba%bf\/\"]}]},{\"@type\":\"ImageObject\",\"inLanguage\":\"es\",\"@id\":\"https:\/\/www.fzxinxu.com\/product\/%e5%bc%95%e7%ba%bf-%e8%a1%a8%e8%b4%b420%e7%ba%bf\/#primaryimage\",\"url\":\"https:\/\/www.fzxinxu.com\/wp-content\/uploads\/2023\/09\/\u5f15\u7ebf-\u8868\u8d3420\u7ebf-1.jpg\",\"contentUrl\":\"https:\/\/www.fzxinxu.com\/wp-content\/uploads\/2023\/09\/\u5f15\u7ebf-\u8868\u8d3420\u7ebf-1.jpg\",\"width\":800,\"height\":800},{\"@type\":\"BreadcrumbList\",\"@id\":\"https:\/\/www.fzxinxu.com\/product\/%e5%bc%95%e7%ba%bf-%e8%a1%a8%e8%b4%b420%e7%ba%bf\/#breadcrumb\",\"itemListElement\":[{\"@type\":\"ListItem\",\"position\":1,\"name\":\"\u9996\u9875\",\"item\":\"https:\/\/www.fzxinxu.com\/\"},{\"@type\":\"ListItem\",\"position\":2,\"name\":\"\u5546\u5e97\",\"item\":\"https:\/\/www.fzxinxu.com\/shop\/\"},{\"@type\":\"ListItem\",\"position\":3,\"name\":\"\u5f15\u7ebf-\u8868\u8d3420\u7ebf\"}]},{\"@type\":\"WebSite\",\"@id\":\"https:\/\/www.fzxinxu.com\/#website\",\"url\":\"https:\/\/www.fzxinxu.com\/\",\"name\":\"\u798f\u5dde\u82af\u65ed\u79d1\u6280- \u4e13\u6ce8\u4e8e\u5c01\u88c5\u5916\u58f3| \u5c01\u88c5\u914d\u4ef6| IC\u5c01\u88c5| \u591a\u5c42\u9676\u74f7\u5916\u58f3 | \u9ed1\u9676\u74f7\u5916\u58f3 | \u5fae\u6676\u73bb\u7483\u5916\u58f3 | T0\u7ba1\u5e3d | \u8fc7\u5ea6\u7247 | \u53ef\u4f10\u6846 | \u91d1\u5c5e\u4e0a\u76d6 | \u5f15\u7ebf\u6846\u67b6 | \u4eca\u9521\u76d6\u677f\",\"description\":\"\",\"potentialAction\":[{\"@type\":\"SearchAction\",\"target\":{\"@type\":\"EntryPoint\",\"urlTemplate\":\"https:\/\/www.fzxinxu.com\/?s={search_term_string}\"},\"query-input\":{\"@type\":\"PropertyValueSpecification\",\"valueRequired\":true,\"valueName\":\"search_term_string\"}}],\"inLanguage\":\"es\"}]}<\/script>\n<!-- \/ Yoast SEO plugin. -->","yoast_head_json":{"title":"Alambre de Plomo - Montaje Superficial 20 Alambres - Corex Technology Corporation - Enfoque en Embalaje Envolvente | Accesorios de Embalaje | Embalaje de CI | Envolvente Cer\u00e1mico Multicapa | Envolvente Cer\u00e1mico Negro | Envolvente de Vidrio Microcristalino | Tapa T0 | Leng\u00fceta de Transici\u00f3n | Marco Borrable | Tapa Superior Met\u00e1lica | Marcos Plomados | Tapas Esta\u00f1adas","robots":{"index":"index","follow":"follow","max-snippet":"max-snippet:-1","max-image-preview":"max-image-preview:large","max-video-preview":"max-video-preview:-1"},"canonical":"https:\/\/www.fzxinxu.com\/es\/product\/pegatinas-de-mesa-lead-wire-20-wire\/","og_locale":"es_ES","og_type":"article","og_title":"\u5f15\u7ebf-\u8868\u8d3420\u7ebf - \u798f\u5dde\u82af\u65ed\u79d1\u6280- \u4e13\u6ce8\u4e8e\u5c01\u88c5\u5916\u58f3| \u5c01\u88c5\u914d\u4ef6| IC\u5c01\u88c5| \u591a\u5c42\u9676\u74f7\u5916\u58f3 | \u9ed1\u9676\u74f7\u5916\u58f3 | \u5fae\u6676\u73bb\u7483\u5916\u58f3 | T0\u7ba1\u5e3d | \u8fc7\u5ea6\u7247 | \u53ef\u4f10\u6846 | \u91d1\u5c5e\u4e0a\u76d6 | \u5f15\u7ebf\u6846\u67b6 | \u4eca\u9521\u76d6\u677f","og_url":"https:\/\/www.fzxinxu.com\/es\/product\/pegatinas-de-mesa-lead-wire-20-wire\/","og_site_name":"\u798f\u5dde\u82af\u65ed\u79d1\u6280- \u4e13\u6ce8\u4e8e\u5c01\u88c5\u5916\u58f3| \u5c01\u88c5\u914d\u4ef6| IC\u5c01\u88c5| \u591a\u5c42\u9676\u74f7\u5916\u58f3 | \u9ed1\u9676\u74f7\u5916\u58f3 | \u5fae\u6676\u73bb\u7483\u5916\u58f3 | T0\u7ba1\u5e3d | \u8fc7\u5ea6\u7247 | \u53ef\u4f10\u6846 | \u91d1\u5c5e\u4e0a\u76d6 | \u5f15\u7ebf\u6846\u67b6 | \u4eca\u9521\u76d6\u677f","article_modified_time":"2023-09-15T02:45:53+00:00","og_image":[{"width":800,"height":800,"url":"https:\/\/www.fzxinxu.com\/wp-content\/uploads\/2023\/09\/\u5f15\u7ebf-\u8868\u8d3420\u7ebf-1.jpg","type":"image\/jpeg"}],"twitter_card":"summary_large_image","schema":{"@context":"https:\/\/schema.org","@graph":[{"@type":"WebPage","@id":"https:\/\/www.fzxinxu.com\/product\/%e5%bc%95%e7%ba%bf-%e8%a1%a8%e8%b4%b420%e7%ba%bf\/","url":"https:\/\/www.fzxinxu.com\/product\/%e5%bc%95%e7%ba%bf-%e8%a1%a8%e8%b4%b420%e7%ba%bf\/","name":"Alambre de Plomo - Montaje Superficial 20 Alambres - Corex Technology Corporation - Enfoque en Embalaje Envolvente | Accesorios de Embalaje | Embalaje de CI | Envolvente Cer\u00e1mico Multicapa | Envolvente Cer\u00e1mico Negro | Envolvente de Vidrio Microcristalino | Tapa T0 | Leng\u00fceta de Transici\u00f3n | Marco Borrable | Tapa Superior Met\u00e1lica | Marcos Plomados | Tapas Esta\u00f1adas","isPartOf":{"@id":"https:\/\/www.fzxinxu.com\/#website"},"primaryImageOfPage":{"@id":"https:\/\/www.fzxinxu.com\/product\/%e5%bc%95%e7%ba%bf-%e8%a1%a8%e8%b4%b420%e7%ba%bf\/#primaryimage"},"image":{"@id":"https:\/\/www.fzxinxu.com\/product\/%e5%bc%95%e7%ba%bf-%e8%a1%a8%e8%b4%b420%e7%ba%bf\/#primaryimage"},"thumbnailUrl":"https:\/\/www.fzxinxu.com\/wp-content\/uploads\/2023\/09\/\u5f15\u7ebf-\u8868\u8d3420\u7ebf-1.jpg","datePublished":"2023-09-15T02:45:35+00:00","dateModified":"2023-09-15T02:45:53+00:00","breadcrumb":{"@id":"https:\/\/www.fzxinxu.com\/product\/%e5%bc%95%e7%ba%bf-%e8%a1%a8%e8%b4%b420%e7%ba%bf\/#breadcrumb"},"inLanguage":"es","potentialAction":[{"@type":"ReadAction","target":["https:\/\/www.fzxinxu.com\/product\/%e5%bc%95%e7%ba%bf-%e8%a1%a8%e8%b4%b420%e7%ba%bf\/"]}]},{"@type":"ImageObject","inLanguage":"es","@id":"https:\/\/www.fzxinxu.com\/product\/%e5%bc%95%e7%ba%bf-%e8%a1%a8%e8%b4%b420%e7%ba%bf\/#primaryimage","url":"https:\/\/www.fzxinxu.com\/wp-content\/uploads\/2023\/09\/\u5f15\u7ebf-\u8868\u8d3420\u7ebf-1.jpg","contentUrl":"https:\/\/www.fzxinxu.com\/wp-content\/uploads\/2023\/09\/\u5f15\u7ebf-\u8868\u8d3420\u7ebf-1.jpg","width":800,"height":800},{"@type":"BreadcrumbList","@id":"https:\/\/www.fzxinxu.com\/product\/%e5%bc%95%e7%ba%bf-%e8%a1%a8%e8%b4%b420%e7%ba%bf\/#breadcrumb","itemListElement":[{"@type":"ListItem","position":1,"name":"\u9996\u9875","item":"https:\/\/www.fzxinxu.com\/"},{"@type":"ListItem","position":2,"name":"\u5546\u5e97","item":"https:\/\/www.fzxinxu.com\/shop\/"},{"@type":"ListItem","position":3,"name":"\u5f15\u7ebf-\u8868\u8d3420\u7ebf"}]},{"@type":"WebSite","@id":"https:\/\/www.fzxinxu.com\/#website","url":"https:\/\/www.fzxinxu.com\/","name":"Corex Technology - Enfoque en Envolventes de Embalaje | Accesorios de Embalaje | Embalaje de CI | Envolvente Cer\u00e1mico Multicapa | Envolvente Cer\u00e1mico Negro | Envolvente de Vidrio Microcristalino | Tapa T0 | Leng\u00fcetas de Exceso | Marcos Desmontables | Tapas Superiores Met\u00e1licas | Leadframes | Tapas Esta\u00f1adas en la Actualidad","description":"","potentialAction":[{"@type":"SearchAction","target":{"@type":"EntryPoint","urlTemplate":"https:\/\/www.fzxinxu.com\/?s={search_term_string}"},"query-input":{"@type":"PropertyValueSpecification","valueRequired":true,"valueName":"search_term_string"}}],"inLanguage":"es"}]}},"_links":{"self":[{"href":"https:\/\/www.fzxinxu.com\/es\/wp-json\/wp\/v2\/product\/691","targetHints":{"allow":["GET"]}}],"collection":[{"href":"https:\/\/www.fzxinxu.com\/es\/wp-json\/wp\/v2\/product"}],"about":[{"href":"https:\/\/www.fzxinxu.com\/es\/wp-json\/wp\/v2\/types\/product"}],"replies":[{"embeddable":true,"href":"https:\/\/www.fzxinxu.com\/es\/wp-json\/wp\/v2\/comments?post=691"}],"wp:featuredmedia":[{"embeddable":true,"href":"https:\/\/www.fzxinxu.com\/es\/wp-json\/wp\/v2\/media\/681"}],"wp:attachment":[{"href":"https:\/\/www.fzxinxu.com\/es\/wp-json\/wp\/v2\/media?parent=691"}],"wp:term":[{"taxonomy":"product_brand","embeddable":true,"href":"https:\/\/www.fzxinxu.com\/es\/wp-json\/wp\/v2\/product_brand?post=691"},{"taxonomy":"product_cat","embeddable":true,"href":"https:\/\/www.fzxinxu.com\/es\/wp-json\/wp\/v2\/product_cat?post=691"},{"taxonomy":"product_tag","embeddable":true,"href":"https:\/\/www.fzxinxu.com\/es\/wp-json\/wp\/v2\/product_tag?post=691"}],"curies":[{"name":"wp","href":"https:\/\/api.w.org\/{rel}","templated":true}]}}