{"id":595,"date":"2023-09-11T14:12:18","date_gmt":"2023-09-11T14:12:18","guid":{"rendered":"https:\/\/fzxinxu.com\/?post_type=product&#038;p=595"},"modified":"2023-09-12T06:46:10","modified_gmt":"2023-09-12T06:46:10","slug":"adhesivo-de-mesa-8-lineas","status":"publish","type":"product","link":"https:\/\/www.fzxinxu.com\/es\/product\/adhesivo-de-mesa-8-lineas\/","title":{"rendered":"Adhesivo de mesa 8 l\u00edneas"},"content":{"rendered":"<p>1, el sustrato cer\u00e1mico de la placa inferior contenido de Al2O3 \u2265 90%;;<\/p>\n<p>2. Material del plomo exterior: aleaci\u00f3n de expansi\u00f3n fija (4J42).;<\/p>\n<p>3. Estanqueidad al gas: \u00cdndice de fuga de helio \u2264 5*10-9\/Pa.m3\/s;<\/p>\n<p>4\u3001Resistencia de aislamiento\uff1a\uff1e1*1010\/\u03a9\uff1b.;<\/p>\n<p>5, aspecto conforme a las \"especificaciones de inspecci\u00f3n de f\u00e1brica de la c\u00e1scara de fusi\u00f3n de vidrio de cer\u00e1mica negra de baja temperatura del circuito integrado\".<\/p>\n<p>6, buen rendimiento de disipaci\u00f3n de calor, buen sombreado, resistencia a la radiaci\u00f3n, a prueba de humedad, alta temperatura interna, choque t\u00e9rmico interno y alta resistencia de la carcasa del embalaje electr\u00f3nico.<\/p>","protected":false},"excerpt":{"rendered":"<p>La cer\u00e1mica negra de encapsulaci\u00f3n de vidrio de baja temperatura, es un vidrio de bajo punto de fusi\u00f3n y cer\u00e1mica de al\u00famina negra como material para la tecnolog\u00eda de protecci\u00f3n de encapsulaci\u00f3n de chips IC, la cer\u00e1mica negra es el material ideal para una variedad de encapsulaci\u00f3n de chips, de peque\u00f1o tama\u00f1o, tiene buenas propiedades mec\u00e1nicas, el\u00e9ctricas y qu\u00edmicas, y el proceso de encapsulaci\u00f3n es simple, de bajo precio, alta fiabilidad. Adecuado para la producci\u00f3n en masa puede ser ampliamente utilizado en productos militares y civiles de alta fiabilidad, tiene amplias perspectivas de mercado y espacio de desarrollo.<\/p>","protected":false},"featured_media":597,"comment_status":"open","ping_status":"closed","template":"","meta":[],"product_brand":[],"product_cat":[41,38],"product_tag":[],"class_list":{"0":"post-595","1":"product","2":"type-product","3":"status-publish","4":"has-post-thumbnail","6":"product_cat-41","7":"product_cat-38","9":"first","10":"instock","11":"shipping-taxable","12":"product-type-simple"},"yoast_head":"<!-- This site is optimized with the Yoast SEO plugin v27.4 - https:\/\/yoast.com\/product\/yoast-seo-wordpress\/ -->\n<title>\u8868\u8d348\u7ebf - \u798f\u5dde\u82af\u65ed\u79d1\u6280- \u4e13\u6ce8\u4e8e\u5c01\u88c5\u5916\u58f3| \u5c01\u88c5\u914d\u4ef6| IC\u5c01\u88c5| \u591a\u5c42\u9676\u74f7\u5916\u58f3 | \u9ed1\u9676\u74f7\u5916\u58f3 | \u5fae\u6676\u73bb\u7483\u5916\u58f3 | T0\u7ba1\u5e3d | \u8fc7\u5ea6\u7247 | \u53ef\u4f10\u6846 | \u91d1\u5c5e\u4e0a\u76d6 | \u5f15\u7ebf\u6846\u67b6 | \u4eca\u9521\u76d6\u677f<\/title>\n<meta name=\"robots\" content=\"index, follow, max-snippet:-1, max-image-preview:large, max-video-preview:-1\" \/>\n<link rel=\"canonical\" href=\"https:\/\/www.fzxinxu.com\/es\/product\/adhesivo-de-mesa-8-lineas\/\" \/>\n<meta property=\"og:locale\" content=\"es_ES\" \/>\n<meta property=\"og:type\" content=\"article\" \/>\n<meta property=\"og:title\" content=\"\u8868\u8d348\u7ebf - \u798f\u5dde\u82af\u65ed\u79d1\u6280- \u4e13\u6ce8\u4e8e\u5c01\u88c5\u5916\u58f3| \u5c01\u88c5\u914d\u4ef6| IC\u5c01\u88c5| \u591a\u5c42\u9676\u74f7\u5916\u58f3 | \u9ed1\u9676\u74f7\u5916\u58f3 | \u5fae\u6676\u73bb\u7483\u5916\u58f3 | T0\u7ba1\u5e3d | \u8fc7\u5ea6\u7247 | \u53ef\u4f10\u6846 | \u91d1\u5c5e\u4e0a\u76d6 | \u5f15\u7ebf\u6846\u67b6 | \u4eca\u9521\u76d6\u677f\" \/>\n<meta property=\"og:description\" content=\"\u9ed1\u9676\u74f7\u4f4e\u6e29\u73bb\u7483\u5c01\u88c5\uff0c\u662f\u4ee5\u4f4e\u7194\u70b9\u73bb\u7483\u548c\u9ed1\u8272\u6c27\u5316\u94dd\u9676\u74f7\u505a\u4e3a\u6750\u6599\u5bf9IC\u82af\u7247\u8fdb\u884c\u5c01\u88c5\u4fdd\u62a4\u7684\u6280\u672f\uff0c\u9ed1\u9676\u74f7\u662f\u5404\u79cd\u82af\u7247\u5c01\u88c5\u7684\u7406\u60f3\u6750\u6599\uff0c\u4f53\u79ef\u5c0f\u3001\u5177\u6709\u826f\u597d\u7684\u673a\u68b0\u3001\u7535\u6c14\u548c\u5316\u5b66\u6027\u80fd\uff0c\u4e14\u5c01\u88c5\u5de5\u827a\u7b80\u5355\uff0c\u4ef7\u683c\u4f4e\uff0c\u53ef\u9760\u6027\u9ad8\u3002\u9002\u5408\u5927\u6279\u91cf\u751f\u4ea7\u53ef\u5e7f\u6cdb\u5e94\u7528\u4e8e\u519b\u5de5\u548c\u6c11\u7528\u9ad8\u53ef\u9760\u4ea7\u54c1\uff0c\u5177\u6709\u5e7f\u9614\u7684\u5e02\u573a\u524d\u666f\u548c\u53d1\u5c55\u7a7a\u95f4\u3002\" \/>\n<meta property=\"og:url\" content=\"https:\/\/www.fzxinxu.com\/es\/product\/adhesivo-de-mesa-8-lineas\/\" \/>\n<meta property=\"og:site_name\" content=\"\u798f\u5dde\u82af\u65ed\u79d1\u6280- \u4e13\u6ce8\u4e8e\u5c01\u88c5\u5916\u58f3| \u5c01\u88c5\u914d\u4ef6| IC\u5c01\u88c5| \u591a\u5c42\u9676\u74f7\u5916\u58f3 | \u9ed1\u9676\u74f7\u5916\u58f3 | \u5fae\u6676\u73bb\u7483\u5916\u58f3 | T0\u7ba1\u5e3d | \u8fc7\u5ea6\u7247 | \u53ef\u4f10\u6846 | \u91d1\u5c5e\u4e0a\u76d6 | \u5f15\u7ebf\u6846\u67b6 | \u4eca\u9521\u76d6\u677f\" \/>\n<meta property=\"article:modified_time\" content=\"2023-09-12T06:46:10+00:00\" \/>\n<meta property=\"og:image\" content=\"https:\/\/www.fzxinxu.com\/wp-content\/uploads\/2023\/09\/\u8868\u8d348\u7ebf2.jpg\" \/>\n\t<meta property=\"og:image:width\" content=\"1000\" \/>\n\t<meta property=\"og:image:height\" content=\"1000\" \/>\n\t<meta property=\"og:image:type\" content=\"image\/jpeg\" \/>\n<meta name=\"twitter:card\" content=\"summary_large_image\" \/>\n<script type=\"application\/ld+json\" class=\"yoast-schema-graph\">{\"@context\":\"https:\\\/\\\/schema.org\",\"@graph\":[{\"@type\":\"WebPage\",\"@id\":\"https:\\\/\\\/www.fzxinxu.com\\\/product\\\/%e8%a1%a8%e8%b4%b48%e7%ba%bf\\\/\",\"url\":\"https:\\\/\\\/www.fzxinxu.com\\\/product\\\/%e8%a1%a8%e8%b4%b48%e7%ba%bf\\\/\",\"name\":\"\u8868\u8d348\u7ebf - \u798f\u5dde\u82af\u65ed\u79d1\u6280- \u4e13\u6ce8\u4e8e\u5c01\u88c5\u5916\u58f3| \u5c01\u88c5\u914d\u4ef6| IC\u5c01\u88c5| \u591a\u5c42\u9676\u74f7\u5916\u58f3 | \u9ed1\u9676\u74f7\u5916\u58f3 | \u5fae\u6676\u73bb\u7483\u5916\u58f3 | T0\u7ba1\u5e3d | \u8fc7\u5ea6\u7247 | \u53ef\u4f10\u6846 | \u91d1\u5c5e\u4e0a\u76d6 | \u5f15\u7ebf\u6846\u67b6 | \u4eca\u9521\u76d6\u677f\",\"isPartOf\":{\"@id\":\"https:\\\/\\\/www.fzxinxu.com\\\/#website\"},\"primaryImageOfPage\":{\"@id\":\"https:\\\/\\\/www.fzxinxu.com\\\/product\\\/%e8%a1%a8%e8%b4%b48%e7%ba%bf\\\/#primaryimage\"},\"image\":{\"@id\":\"https:\\\/\\\/www.fzxinxu.com\\\/product\\\/%e8%a1%a8%e8%b4%b48%e7%ba%bf\\\/#primaryimage\"},\"thumbnailUrl\":\"https:\\\/\\\/www.fzxinxu.com\\\/wp-content\\\/uploads\\\/2023\\\/09\\\/\u8868\u8d348\u7ebf2.jpg\",\"datePublished\":\"2023-09-11T14:12:18+00:00\",\"dateModified\":\"2023-09-12T06:46:10+00:00\",\"breadcrumb\":{\"@id\":\"https:\\\/\\\/www.fzxinxu.com\\\/product\\\/%e8%a1%a8%e8%b4%b48%e7%ba%bf\\\/#breadcrumb\"},\"inLanguage\":\"es\",\"potentialAction\":[{\"@type\":\"ReadAction\",\"target\":[\"https:\\\/\\\/www.fzxinxu.com\\\/product\\\/%e8%a1%a8%e8%b4%b48%e7%ba%bf\\\/\"]}]},{\"@type\":\"ImageObject\",\"inLanguage\":\"es\",\"@id\":\"https:\\\/\\\/www.fzxinxu.com\\\/product\\\/%e8%a1%a8%e8%b4%b48%e7%ba%bf\\\/#primaryimage\",\"url\":\"https:\\\/\\\/www.fzxinxu.com\\\/wp-content\\\/uploads\\\/2023\\\/09\\\/\u8868\u8d348\u7ebf2.jpg\",\"contentUrl\":\"https:\\\/\\\/www.fzxinxu.com\\\/wp-content\\\/uploads\\\/2023\\\/09\\\/\u8868\u8d348\u7ebf2.jpg\",\"width\":1000,\"height\":1000},{\"@type\":\"BreadcrumbList\",\"@id\":\"https:\\\/\\\/www.fzxinxu.com\\\/product\\\/%e8%a1%a8%e8%b4%b48%e7%ba%bf\\\/#breadcrumb\",\"itemListElement\":[{\"@type\":\"ListItem\",\"position\":1,\"name\":\"\u9996\u9875\",\"item\":\"https:\\\/\\\/www.fzxinxu.com\\\/\"},{\"@type\":\"ListItem\",\"position\":2,\"name\":\"\u5546\u5e97\",\"item\":\"https:\\\/\\\/www.fzxinxu.com\\\/shop\\\/\"},{\"@type\":\"ListItem\",\"position\":3,\"name\":\"\u8868\u8d348\u7ebf\"}]},{\"@type\":\"WebSite\",\"@id\":\"https:\\\/\\\/www.fzxinxu.com\\\/#website\",\"url\":\"https:\\\/\\\/www.fzxinxu.com\\\/\",\"name\":\"\u798f\u5dde\u82af\u65ed\u79d1\u6280- \u4e13\u6ce8\u4e8e\u5c01\u88c5\u5916\u58f3| \u5c01\u88c5\u914d\u4ef6| IC\u5c01\u88c5| \u591a\u5c42\u9676\u74f7\u5916\u58f3 | \u9ed1\u9676\u74f7\u5916\u58f3 | \u5fae\u6676\u73bb\u7483\u5916\u58f3 | T0\u7ba1\u5e3d | \u8fc7\u5ea6\u7247 | \u53ef\u4f10\u6846 | \u91d1\u5c5e\u4e0a\u76d6 | \u5f15\u7ebf\u6846\u67b6 | \u4eca\u9521\u76d6\u677f\",\"description\":\"\",\"potentialAction\":[{\"@type\":\"SearchAction\",\"target\":{\"@type\":\"EntryPoint\",\"urlTemplate\":\"https:\\\/\\\/www.fzxinxu.com\\\/?s={search_term_string}\"},\"query-input\":{\"@type\":\"PropertyValueSpecification\",\"valueRequired\":true,\"valueName\":\"search_term_string\"}}],\"inLanguage\":\"es\"}]}<\/script>\n<!-- \/ Yoast SEO plugin. -->","yoast_head_json":{"title":"L\u00ednea 8 de Montaje Superficial - Corex Technology Corporation - Enfoque en Envolvente de Embalaje | Accesorios de Embalaje | Embalaje de CI | Envolvente Cer\u00e1mico Multicapa | Envolvente Cer\u00e1mico Negro | Envolvente de Vidrio Microcristalino | Tapa T0 | Chip de Transici\u00f3n | Marcos Desmontables | Tapas Met\u00e1licas Superiores | Leadframes | Tapas Esta\u00f1adas Hoy en D\u00eda","robots":{"index":"index","follow":"follow","max-snippet":"max-snippet:-1","max-image-preview":"max-image-preview:large","max-video-preview":"max-video-preview:-1"},"canonical":"https:\/\/www.fzxinxu.com\/es\/product\/adhesivo-de-mesa-8-lineas\/","og_locale":"es_ES","og_type":"article","og_title":"\u8868\u8d348\u7ebf - \u798f\u5dde\u82af\u65ed\u79d1\u6280- \u4e13\u6ce8\u4e8e\u5c01\u88c5\u5916\u58f3| \u5c01\u88c5\u914d\u4ef6| IC\u5c01\u88c5| \u591a\u5c42\u9676\u74f7\u5916\u58f3 | \u9ed1\u9676\u74f7\u5916\u58f3 | \u5fae\u6676\u73bb\u7483\u5916\u58f3 | T0\u7ba1\u5e3d | \u8fc7\u5ea6\u7247 | \u53ef\u4f10\u6846 | \u91d1\u5c5e\u4e0a\u76d6 | \u5f15\u7ebf\u6846\u67b6 | \u4eca\u9521\u76d6\u677f","og_description":"\u9ed1\u9676\u74f7\u4f4e\u6e29\u73bb\u7483\u5c01\u88c5\uff0c\u662f\u4ee5\u4f4e\u7194\u70b9\u73bb\u7483\u548c\u9ed1\u8272\u6c27\u5316\u94dd\u9676\u74f7\u505a\u4e3a\u6750\u6599\u5bf9IC\u82af\u7247\u8fdb\u884c\u5c01\u88c5\u4fdd\u62a4\u7684\u6280\u672f\uff0c\u9ed1\u9676\u74f7\u662f\u5404\u79cd\u82af\u7247\u5c01\u88c5\u7684\u7406\u60f3\u6750\u6599\uff0c\u4f53\u79ef\u5c0f\u3001\u5177\u6709\u826f\u597d\u7684\u673a\u68b0\u3001\u7535\u6c14\u548c\u5316\u5b66\u6027\u80fd\uff0c\u4e14\u5c01\u88c5\u5de5\u827a\u7b80\u5355\uff0c\u4ef7\u683c\u4f4e\uff0c\u53ef\u9760\u6027\u9ad8\u3002\u9002\u5408\u5927\u6279\u91cf\u751f\u4ea7\u53ef\u5e7f\u6cdb\u5e94\u7528\u4e8e\u519b\u5de5\u548c\u6c11\u7528\u9ad8\u53ef\u9760\u4ea7\u54c1\uff0c\u5177\u6709\u5e7f\u9614\u7684\u5e02\u573a\u524d\u666f\u548c\u53d1\u5c55\u7a7a\u95f4\u3002","og_url":"https:\/\/www.fzxinxu.com\/es\/product\/adhesivo-de-mesa-8-lineas\/","og_site_name":"\u798f\u5dde\u82af\u65ed\u79d1\u6280- \u4e13\u6ce8\u4e8e\u5c01\u88c5\u5916\u58f3| \u5c01\u88c5\u914d\u4ef6| IC\u5c01\u88c5| \u591a\u5c42\u9676\u74f7\u5916\u58f3 | \u9ed1\u9676\u74f7\u5916\u58f3 | \u5fae\u6676\u73bb\u7483\u5916\u58f3 | T0\u7ba1\u5e3d | \u8fc7\u5ea6\u7247 | \u53ef\u4f10\u6846 | \u91d1\u5c5e\u4e0a\u76d6 | \u5f15\u7ebf\u6846\u67b6 | \u4eca\u9521\u76d6\u677f","article_modified_time":"2023-09-12T06:46:10+00:00","og_image":[{"width":1000,"height":1000,"url":"https:\/\/www.fzxinxu.com\/wp-content\/uploads\/2023\/09\/\u8868\u8d348\u7ebf2.jpg","type":"image\/jpeg"}],"twitter_card":"summary_large_image","schema":{"@context":"https:\/\/schema.org","@graph":[{"@type":"WebPage","@id":"https:\/\/www.fzxinxu.com\/product\/%e8%a1%a8%e8%b4%b48%e7%ba%bf\/","url":"https:\/\/www.fzxinxu.com\/product\/%e8%a1%a8%e8%b4%b48%e7%ba%bf\/","name":"L\u00ednea 8 de Montaje Superficial - Corex Technology Corporation - Enfoque en Envolvente de Embalaje | Accesorios de Embalaje | Embalaje de CI | Envolvente Cer\u00e1mico Multicapa | Envolvente Cer\u00e1mico Negro | Envolvente de Vidrio Microcristalino | Tapa T0 | Chip de Transici\u00f3n | Marcos Desmontables | Tapas Met\u00e1licas Superiores | Leadframes | Tapas Esta\u00f1adas Hoy en D\u00eda","isPartOf":{"@id":"https:\/\/www.fzxinxu.com\/#website"},"primaryImageOfPage":{"@id":"https:\/\/www.fzxinxu.com\/product\/%e8%a1%a8%e8%b4%b48%e7%ba%bf\/#primaryimage"},"image":{"@id":"https:\/\/www.fzxinxu.com\/product\/%e8%a1%a8%e8%b4%b48%e7%ba%bf\/#primaryimage"},"thumbnailUrl":"https:\/\/www.fzxinxu.com\/wp-content\/uploads\/2023\/09\/\u8868\u8d348\u7ebf2.jpg","datePublished":"2023-09-11T14:12:18+00:00","dateModified":"2023-09-12T06:46:10+00:00","breadcrumb":{"@id":"https:\/\/www.fzxinxu.com\/product\/%e8%a1%a8%e8%b4%b48%e7%ba%bf\/#breadcrumb"},"inLanguage":"es","potentialAction":[{"@type":"ReadAction","target":["https:\/\/www.fzxinxu.com\/product\/%e8%a1%a8%e8%b4%b48%e7%ba%bf\/"]}]},{"@type":"ImageObject","inLanguage":"es","@id":"https:\/\/www.fzxinxu.com\/product\/%e8%a1%a8%e8%b4%b48%e7%ba%bf\/#primaryimage","url":"https:\/\/www.fzxinxu.com\/wp-content\/uploads\/2023\/09\/\u8868\u8d348\u7ebf2.jpg","contentUrl":"https:\/\/www.fzxinxu.com\/wp-content\/uploads\/2023\/09\/\u8868\u8d348\u7ebf2.jpg","width":1000,"height":1000},{"@type":"BreadcrumbList","@id":"https:\/\/www.fzxinxu.com\/product\/%e8%a1%a8%e8%b4%b48%e7%ba%bf\/#breadcrumb","itemListElement":[{"@type":"ListItem","position":1,"name":"\u9996\u9875","item":"https:\/\/www.fzxinxu.com\/"},{"@type":"ListItem","position":2,"name":"\u5546\u5e97","item":"https:\/\/www.fzxinxu.com\/shop\/"},{"@type":"ListItem","position":3,"name":"\u8868\u8d348\u7ebf"}]},{"@type":"WebSite","@id":"https:\/\/www.fzxinxu.com\/#website","url":"https:\/\/www.fzxinxu.com\/","name":"Corex Technology - Enfoque en Envolventes de Embalaje | Accesorios de Embalaje | Embalaje de CI | Envolvente Cer\u00e1mico Multicapa | Envolvente Cer\u00e1mico Negro | Envolvente de Vidrio Microcristalino | Tapa T0 | Leng\u00fcetas de Exceso | Marcos Desmontables | Tapas Superiores Met\u00e1licas | Leadframes | Tapas Esta\u00f1adas en la Actualidad","description":"","potentialAction":[{"@type":"SearchAction","target":{"@type":"EntryPoint","urlTemplate":"https:\/\/www.fzxinxu.com\/?s={search_term_string}"},"query-input":{"@type":"PropertyValueSpecification","valueRequired":true,"valueName":"search_term_string"}}],"inLanguage":"es"}]}},"_links":{"self":[{"href":"https:\/\/www.fzxinxu.com\/es\/wp-json\/wp\/v2\/product\/595","targetHints":{"allow":["GET"]}}],"collection":[{"href":"https:\/\/www.fzxinxu.com\/es\/wp-json\/wp\/v2\/product"}],"about":[{"href":"https:\/\/www.fzxinxu.com\/es\/wp-json\/wp\/v2\/types\/product"}],"replies":[{"embeddable":true,"href":"https:\/\/www.fzxinxu.com\/es\/wp-json\/wp\/v2\/comments?post=595"}],"wp:featuredmedia":[{"embeddable":true,"href":"https:\/\/www.fzxinxu.com\/es\/wp-json\/wp\/v2\/media\/597"}],"wp:attachment":[{"href":"https:\/\/www.fzxinxu.com\/es\/wp-json\/wp\/v2\/media?parent=595"}],"wp:term":[{"taxonomy":"product_brand","embeddable":true,"href":"https:\/\/www.fzxinxu.com\/es\/wp-json\/wp\/v2\/product_brand?post=595"},{"taxonomy":"product_cat","embeddable":true,"href":"https:\/\/www.fzxinxu.com\/es\/wp-json\/wp\/v2\/product_cat?post=595"},{"taxonomy":"product_tag","embeddable":true,"href":"https:\/\/www.fzxinxu.com\/es\/wp-json\/wp\/v2\/product_tag?post=595"}],"curies":[{"name":"wp","href":"https:\/\/api.w.org\/{rel}","templated":true}]}}