{"id":506,"date":"2023-08-28T09:05:55","date_gmt":"2023-08-28T09:05:55","guid":{"rendered":"https:\/\/fzxinxu.com\/?post_type=product&#038;p=506"},"modified":"2023-08-28T09:05:55","modified_gmt":"2023-08-28T09:05:55","slug":"cubierta-de-cobre-plateado-smd-cubierta-superior-compuesta","status":"publish","type":"product","link":"https:\/\/www.fzxinxu.com\/es\/product\/cubierta-de-cobre-plateado-smd-cubierta-superior-compuesta\/","title":{"rendered":"Cubierta de plata-cobre SMD (cubierta superior compuesta)"},"content":{"rendered":"<p>Tapas SMD Plata-Cobre Tapas SMD Ag-Cu<\/p>\n<p>Composici\u00f3n: Ag72Cu28\/Ag80Cu20<\/p>\n<p>Punto de fusi\u00f3n: 780 grados<\/p>\n<p>Caracter\u00edsticas: Puede utilizarse directamente en PKG sin junta de estanqueidad \/ Puede utilizarse directamente en soldadora de estanqueidad habitual<\/p>","protected":false},"excerpt":{"rendered":"<p>Tapa SMD Plata-Cobre Tapa SMD Ag-Cu Composici\u00f3n: Ag72Cu28\/Ag80Cu20 Punto de fusi\u00f3n: 780 Grados Caracter\u00edsticas: Se puede utilizar directamente en PKG sin anillo de soldadura de sellado \/ Se puede utilizar directamente en la m\u00e1quina de soldadura de sellado habitual.<\/p>","protected":false},"featured_media":487,"comment_status":"open","ping_status":"closed","template":"","meta":[],"product_brand":[],"product_cat":[21],"product_tag":[],"class_list":{"0":"post-506","1":"product","2":"type-product","3":"status-publish","4":"has-post-thumbnail","6":"product_cat-others","8":"first","9":"instock","10":"shipping-taxable","11":"product-type-simple"},"yoast_head":"<!-- This site is optimized with the Yoast SEO plugin v27.4 - https:\/\/yoast.com\/product\/yoast-seo-wordpress\/ -->\n<title>SMD\u94f6\u94dc\u76d6\u677f \uff08\u590d\u5408\u6750\u6599\u4e0a\u76d6\uff09 - \u798f\u5dde\u82af\u65ed\u79d1\u6280- \u4e13\u6ce8\u4e8e\u5c01\u88c5\u5916\u58f3| \u5c01\u88c5\u914d\u4ef6| IC\u5c01\u88c5| \u591a\u5c42\u9676\u74f7\u5916\u58f3 | \u9ed1\u9676\u74f7\u5916\u58f3 | \u5fae\u6676\u73bb\u7483\u5916\u58f3 | T0\u7ba1\u5e3d | \u8fc7\u5ea6\u7247 | \u53ef\u4f10\u6846 | \u91d1\u5c5e\u4e0a\u76d6 | \u5f15\u7ebf\u6846\u67b6 | \u4eca\u9521\u76d6\u677f<\/title>\n<meta name=\"robots\" content=\"index, follow, max-snippet:-1, max-image-preview:large, max-video-preview:-1\" \/>\n<link rel=\"canonical\" href=\"https:\/\/www.fzxinxu.com\/es\/product\/cubierta-de-cobre-plateado-smd-cubierta-superior-compuesta\/\" \/>\n<meta property=\"og:locale\" content=\"es_ES\" \/>\n<meta property=\"og:type\" content=\"article\" \/>\n<meta property=\"og:title\" content=\"SMD\u94f6\u94dc\u76d6\u677f \uff08\u590d\u5408\u6750\u6599\u4e0a\u76d6\uff09 - \u798f\u5dde\u82af\u65ed\u79d1\u6280- \u4e13\u6ce8\u4e8e\u5c01\u88c5\u5916\u58f3| \u5c01\u88c5\u914d\u4ef6| IC\u5c01\u88c5| \u591a\u5c42\u9676\u74f7\u5916\u58f3 | \u9ed1\u9676\u74f7\u5916\u58f3 | \u5fae\u6676\u73bb\u7483\u5916\u58f3 | T0\u7ba1\u5e3d | \u8fc7\u5ea6\u7247 | \u53ef\u4f10\u6846 | \u91d1\u5c5e\u4e0a\u76d6 | \u5f15\u7ebf\u6846\u67b6 | \u4eca\u9521\u76d6\u677f\" \/>\n<meta property=\"og:description\" content=\"SMD\u94f6\u94dc\u76d6\u677f\u00a0SMD\u00a0Ag-Cu\u00a0Lids\u6210\u5206\uff1aAg72Cu28\/Ag80Cu20\u7194\u70b9\uff1a780\u5ea6\u7279\u70b9\uff1a\u53ef\u76f4\u63a5\u7528\u4e8e\u65e0\u5c01\u710a\u73af\u7684PKG\/\u53ef\u76f4\u63a5\u4f7f\u7528\u5728\u901a\u5e38\u7684\u5c01\u710a\u673a\" \/>\n<meta property=\"og:url\" content=\"https:\/\/www.fzxinxu.com\/es\/product\/cubierta-de-cobre-plateado-smd-cubierta-superior-compuesta\/\" \/>\n<meta property=\"og:site_name\" content=\"\u798f\u5dde\u82af\u65ed\u79d1\u6280- \u4e13\u6ce8\u4e8e\u5c01\u88c5\u5916\u58f3| \u5c01\u88c5\u914d\u4ef6| IC\u5c01\u88c5| \u591a\u5c42\u9676\u74f7\u5916\u58f3 | \u9ed1\u9676\u74f7\u5916\u58f3 | \u5fae\u6676\u73bb\u7483\u5916\u58f3 | T0\u7ba1\u5e3d | \u8fc7\u5ea6\u7247 | \u53ef\u4f10\u6846 | \u91d1\u5c5e\u4e0a\u76d6 | \u5f15\u7ebf\u6846\u67b6 | \u4eca\u9521\u76d6\u677f\" \/>\n<meta property=\"og:image\" content=\"https:\/\/www.fzxinxu.com\/wp-content\/uploads\/2023\/08\/product-image-2.jpg\" \/>\n\t<meta property=\"og:image:width\" content=\"600\" \/>\n\t<meta property=\"og:image:height\" content=\"600\" \/>\n\t<meta property=\"og:image:type\" content=\"image\/jpeg\" \/>\n<meta name=\"twitter:card\" content=\"summary_large_image\" \/>\n<script type=\"application\/ld+json\" class=\"yoast-schema-graph\">{\"@context\":\"https:\\\/\\\/schema.org\",\"@graph\":[{\"@type\":\"WebPage\",\"@id\":\"https:\\\/\\\/www.fzxinxu.com\\\/product\\\/smd%e9%93%b6%e9%93%9c%e7%9b%96%e6%9d%bf-%ef%bc%88%e5%a4%8d%e5%90%88%e6%9d%90%e6%96%99%e4%b8%8a%e7%9b%96%ef%bc%89\\\/\",\"url\":\"https:\\\/\\\/www.fzxinxu.com\\\/product\\\/smd%e9%93%b6%e9%93%9c%e7%9b%96%e6%9d%bf-%ef%bc%88%e5%a4%8d%e5%90%88%e6%9d%90%e6%96%99%e4%b8%8a%e7%9b%96%ef%bc%89\\\/\",\"name\":\"SMD\u94f6\u94dc\u76d6\u677f \uff08\u590d\u5408\u6750\u6599\u4e0a\u76d6\uff09 - \u798f\u5dde\u82af\u65ed\u79d1\u6280- \u4e13\u6ce8\u4e8e\u5c01\u88c5\u5916\u58f3| \u5c01\u88c5\u914d\u4ef6| IC\u5c01\u88c5| \u591a\u5c42\u9676\u74f7\u5916\u58f3 | \u9ed1\u9676\u74f7\u5916\u58f3 | \u5fae\u6676\u73bb\u7483\u5916\u58f3 | T0\u7ba1\u5e3d | \u8fc7\u5ea6\u7247 | \u53ef\u4f10\u6846 | \u91d1\u5c5e\u4e0a\u76d6 | \u5f15\u7ebf\u6846\u67b6 | \u4eca\u9521\u76d6\u677f\",\"isPartOf\":{\"@id\":\"https:\\\/\\\/www.fzxinxu.com\\\/#website\"},\"primaryImageOfPage\":{\"@id\":\"https:\\\/\\\/www.fzxinxu.com\\\/product\\\/smd%e9%93%b6%e9%93%9c%e7%9b%96%e6%9d%bf-%ef%bc%88%e5%a4%8d%e5%90%88%e6%9d%90%e6%96%99%e4%b8%8a%e7%9b%96%ef%bc%89\\\/#primaryimage\"},\"image\":{\"@id\":\"https:\\\/\\\/www.fzxinxu.com\\\/product\\\/smd%e9%93%b6%e9%93%9c%e7%9b%96%e6%9d%bf-%ef%bc%88%e5%a4%8d%e5%90%88%e6%9d%90%e6%96%99%e4%b8%8a%e7%9b%96%ef%bc%89\\\/#primaryimage\"},\"thumbnailUrl\":\"https:\\\/\\\/www.fzxinxu.com\\\/wp-content\\\/uploads\\\/2023\\\/08\\\/product-image-2.jpg\",\"datePublished\":\"2023-08-28T09:05:55+00:00\",\"breadcrumb\":{\"@id\":\"https:\\\/\\\/www.fzxinxu.com\\\/product\\\/smd%e9%93%b6%e9%93%9c%e7%9b%96%e6%9d%bf-%ef%bc%88%e5%a4%8d%e5%90%88%e6%9d%90%e6%96%99%e4%b8%8a%e7%9b%96%ef%bc%89\\\/#breadcrumb\"},\"inLanguage\":\"es\",\"potentialAction\":[{\"@type\":\"ReadAction\",\"target\":[\"https:\\\/\\\/www.fzxinxu.com\\\/product\\\/smd%e9%93%b6%e9%93%9c%e7%9b%96%e6%9d%bf-%ef%bc%88%e5%a4%8d%e5%90%88%e6%9d%90%e6%96%99%e4%b8%8a%e7%9b%96%ef%bc%89\\\/\"]}]},{\"@type\":\"ImageObject\",\"inLanguage\":\"es\",\"@id\":\"https:\\\/\\\/www.fzxinxu.com\\\/product\\\/smd%e9%93%b6%e9%93%9c%e7%9b%96%e6%9d%bf-%ef%bc%88%e5%a4%8d%e5%90%88%e6%9d%90%e6%96%99%e4%b8%8a%e7%9b%96%ef%bc%89\\\/#primaryimage\",\"url\":\"https:\\\/\\\/www.fzxinxu.com\\\/wp-content\\\/uploads\\\/2023\\\/08\\\/product-image-2.jpg\",\"contentUrl\":\"https:\\\/\\\/www.fzxinxu.com\\\/wp-content\\\/uploads\\\/2023\\\/08\\\/product-image-2.jpg\",\"width\":600,\"height\":600},{\"@type\":\"BreadcrumbList\",\"@id\":\"https:\\\/\\\/www.fzxinxu.com\\\/product\\\/smd%e9%93%b6%e9%93%9c%e7%9b%96%e6%9d%bf-%ef%bc%88%e5%a4%8d%e5%90%88%e6%9d%90%e6%96%99%e4%b8%8a%e7%9b%96%ef%bc%89\\\/#breadcrumb\",\"itemListElement\":[{\"@type\":\"ListItem\",\"position\":1,\"name\":\"\u9996\u9875\",\"item\":\"https:\\\/\\\/www.fzxinxu.com\\\/\"},{\"@type\":\"ListItem\",\"position\":2,\"name\":\"\u5546\u5e97\",\"item\":\"https:\\\/\\\/www.fzxinxu.com\\\/shop\\\/\"},{\"@type\":\"ListItem\",\"position\":3,\"name\":\"SMD\u94f6\u94dc\u76d6\u677f \uff08\u590d\u5408\u6750\u6599\u4e0a\u76d6\uff09\"}]},{\"@type\":\"WebSite\",\"@id\":\"https:\\\/\\\/www.fzxinxu.com\\\/#website\",\"url\":\"https:\\\/\\\/www.fzxinxu.com\\\/\",\"name\":\"\u798f\u5dde\u82af\u65ed\u79d1\u6280- \u4e13\u6ce8\u4e8e\u5c01\u88c5\u5916\u58f3| \u5c01\u88c5\u914d\u4ef6| IC\u5c01\u88c5| \u591a\u5c42\u9676\u74f7\u5916\u58f3 | \u9ed1\u9676\u74f7\u5916\u58f3 | \u5fae\u6676\u73bb\u7483\u5916\u58f3 | T0\u7ba1\u5e3d | \u8fc7\u5ea6\u7247 | \u53ef\u4f10\u6846 | \u91d1\u5c5e\u4e0a\u76d6 | \u5f15\u7ebf\u6846\u67b6 | \u4eca\u9521\u76d6\u677f\",\"description\":\"\",\"potentialAction\":[{\"@type\":\"SearchAction\",\"target\":{\"@type\":\"EntryPoint\",\"urlTemplate\":\"https:\\\/\\\/www.fzxinxu.com\\\/?s={search_term_string}\"},\"query-input\":{\"@type\":\"PropertyValueSpecification\",\"valueRequired\":true,\"valueName\":\"search_term_string\"}}],\"inLanguage\":\"es\"}]}<\/script>\n<!-- \/ Yoast SEO plugin. -->","yoast_head_json":{"title":"SMD Cubierta de Cobre Plateado (Cubierta Compuesta) - Corex Technology Corporation - Enfoque en Envolvente de Embalaje | Accesorios de Embalaje | Embalaje IC | Envolvente Cer\u00e1mico Multicapa | Envolvente Cer\u00e1mico Negro | Envolvente de Vidrio Microcristalino | Tapa T0 | Leng\u00fceta de Transici\u00f3n | Marco Lavalable | Cubierta Met\u00e1lica | Leadframes | Cubiertas de Esta\u00f1o Importadas","robots":{"index":"index","follow":"follow","max-snippet":"max-snippet:-1","max-image-preview":"max-image-preview:large","max-video-preview":"max-video-preview:-1"},"canonical":"https:\/\/www.fzxinxu.com\/es\/product\/cubierta-de-cobre-plateado-smd-cubierta-superior-compuesta\/","og_locale":"es_ES","og_type":"article","og_title":"SMD\u94f6\u94dc\u76d6\u677f \uff08\u590d\u5408\u6750\u6599\u4e0a\u76d6\uff09 - \u798f\u5dde\u82af\u65ed\u79d1\u6280- \u4e13\u6ce8\u4e8e\u5c01\u88c5\u5916\u58f3| \u5c01\u88c5\u914d\u4ef6| IC\u5c01\u88c5| \u591a\u5c42\u9676\u74f7\u5916\u58f3 | \u9ed1\u9676\u74f7\u5916\u58f3 | \u5fae\u6676\u73bb\u7483\u5916\u58f3 | T0\u7ba1\u5e3d | \u8fc7\u5ea6\u7247 | \u53ef\u4f10\u6846 | \u91d1\u5c5e\u4e0a\u76d6 | \u5f15\u7ebf\u6846\u67b6 | \u4eca\u9521\u76d6\u677f","og_description":"SMD\u94f6\u94dc\u76d6\u677f\u00a0SMD\u00a0Ag-Cu\u00a0Lids\u6210\u5206\uff1aAg72Cu28\/Ag80Cu20\u7194\u70b9\uff1a780\u5ea6\u7279\u70b9\uff1a\u53ef\u76f4\u63a5\u7528\u4e8e\u65e0\u5c01\u710a\u73af\u7684PKG\/\u53ef\u76f4\u63a5\u4f7f\u7528\u5728\u901a\u5e38\u7684\u5c01\u710a\u673a","og_url":"https:\/\/www.fzxinxu.com\/es\/product\/cubierta-de-cobre-plateado-smd-cubierta-superior-compuesta\/","og_site_name":"\u798f\u5dde\u82af\u65ed\u79d1\u6280- \u4e13\u6ce8\u4e8e\u5c01\u88c5\u5916\u58f3| \u5c01\u88c5\u914d\u4ef6| IC\u5c01\u88c5| \u591a\u5c42\u9676\u74f7\u5916\u58f3 | \u9ed1\u9676\u74f7\u5916\u58f3 | \u5fae\u6676\u73bb\u7483\u5916\u58f3 | T0\u7ba1\u5e3d | \u8fc7\u5ea6\u7247 | \u53ef\u4f10\u6846 | \u91d1\u5c5e\u4e0a\u76d6 | \u5f15\u7ebf\u6846\u67b6 | \u4eca\u9521\u76d6\u677f","og_image":[{"width":600,"height":600,"url":"https:\/\/www.fzxinxu.com\/wp-content\/uploads\/2023\/08\/product-image-2.jpg","type":"image\/jpeg"}],"twitter_card":"summary_large_image","schema":{"@context":"https:\/\/schema.org","@graph":[{"@type":"WebPage","@id":"https:\/\/www.fzxinxu.com\/product\/smd%e9%93%b6%e9%93%9c%e7%9b%96%e6%9d%bf-%ef%bc%88%e5%a4%8d%e5%90%88%e6%9d%90%e6%96%99%e4%b8%8a%e7%9b%96%ef%bc%89\/","url":"https:\/\/www.fzxinxu.com\/product\/smd%e9%93%b6%e9%93%9c%e7%9b%96%e6%9d%bf-%ef%bc%88%e5%a4%8d%e5%90%88%e6%9d%90%e6%96%99%e4%b8%8a%e7%9b%96%ef%bc%89\/","name":"SMD Cubierta de Cobre Plateado (Cubierta Compuesta) - Corex Technology Corporation - Enfoque en Envolvente de Embalaje | Accesorios de Embalaje | Embalaje IC | Envolvente Cer\u00e1mico Multicapa | Envolvente Cer\u00e1mico Negro | Envolvente de Vidrio Microcristalino | Tapa T0 | Leng\u00fceta de Transici\u00f3n | Marco Lavalable | Cubierta Met\u00e1lica | Leadframes | Cubiertas de Esta\u00f1o Importadas","isPartOf":{"@id":"https:\/\/www.fzxinxu.com\/#website"},"primaryImageOfPage":{"@id":"https:\/\/www.fzxinxu.com\/product\/smd%e9%93%b6%e9%93%9c%e7%9b%96%e6%9d%bf-%ef%bc%88%e5%a4%8d%e5%90%88%e6%9d%90%e6%96%99%e4%b8%8a%e7%9b%96%ef%bc%89\/#primaryimage"},"image":{"@id":"https:\/\/www.fzxinxu.com\/product\/smd%e9%93%b6%e9%93%9c%e7%9b%96%e6%9d%bf-%ef%bc%88%e5%a4%8d%e5%90%88%e6%9d%90%e6%96%99%e4%b8%8a%e7%9b%96%ef%bc%89\/#primaryimage"},"thumbnailUrl":"https:\/\/www.fzxinxu.com\/wp-content\/uploads\/2023\/08\/product-image-2.jpg","datePublished":"2023-08-28T09:05:55+00:00","breadcrumb":{"@id":"https:\/\/www.fzxinxu.com\/product\/smd%e9%93%b6%e9%93%9c%e7%9b%96%e6%9d%bf-%ef%bc%88%e5%a4%8d%e5%90%88%e6%9d%90%e6%96%99%e4%b8%8a%e7%9b%96%ef%bc%89\/#breadcrumb"},"inLanguage":"es","potentialAction":[{"@type":"ReadAction","target":["https:\/\/www.fzxinxu.com\/product\/smd%e9%93%b6%e9%93%9c%e7%9b%96%e6%9d%bf-%ef%bc%88%e5%a4%8d%e5%90%88%e6%9d%90%e6%96%99%e4%b8%8a%e7%9b%96%ef%bc%89\/"]}]},{"@type":"ImageObject","inLanguage":"es","@id":"https:\/\/www.fzxinxu.com\/product\/smd%e9%93%b6%e9%93%9c%e7%9b%96%e6%9d%bf-%ef%bc%88%e5%a4%8d%e5%90%88%e6%9d%90%e6%96%99%e4%b8%8a%e7%9b%96%ef%bc%89\/#primaryimage","url":"https:\/\/www.fzxinxu.com\/wp-content\/uploads\/2023\/08\/product-image-2.jpg","contentUrl":"https:\/\/www.fzxinxu.com\/wp-content\/uploads\/2023\/08\/product-image-2.jpg","width":600,"height":600},{"@type":"BreadcrumbList","@id":"https:\/\/www.fzxinxu.com\/product\/smd%e9%93%b6%e9%93%9c%e7%9b%96%e6%9d%bf-%ef%bc%88%e5%a4%8d%e5%90%88%e6%9d%90%e6%96%99%e4%b8%8a%e7%9b%96%ef%bc%89\/#breadcrumb","itemListElement":[{"@type":"ListItem","position":1,"name":"\u9996\u9875","item":"https:\/\/www.fzxinxu.com\/"},{"@type":"ListItem","position":2,"name":"\u5546\u5e97","item":"https:\/\/www.fzxinxu.com\/shop\/"},{"@type":"ListItem","position":3,"name":"SMD\u94f6\u94dc\u76d6\u677f \uff08\u590d\u5408\u6750\u6599\u4e0a\u76d6\uff09"}]},{"@type":"WebSite","@id":"https:\/\/www.fzxinxu.com\/#website","url":"https:\/\/www.fzxinxu.com\/","name":"Corex Technology - Enfoque en Envolventes de Embalaje | Accesorios de Embalaje | Embalaje de CI | Envolvente Cer\u00e1mico Multicapa | Envolvente Cer\u00e1mico Negro | Envolvente de Vidrio Microcristalino | Tapa T0 | Leng\u00fcetas de Exceso | Marcos Desmontables | Tapas Superiores Met\u00e1licas | Leadframes | Tapas Esta\u00f1adas en la Actualidad","description":"","potentialAction":[{"@type":"SearchAction","target":{"@type":"EntryPoint","urlTemplate":"https:\/\/www.fzxinxu.com\/?s={search_term_string}"},"query-input":{"@type":"PropertyValueSpecification","valueRequired":true,"valueName":"search_term_string"}}],"inLanguage":"es"}]}},"_links":{"self":[{"href":"https:\/\/www.fzxinxu.com\/es\/wp-json\/wp\/v2\/product\/506","targetHints":{"allow":["GET"]}}],"collection":[{"href":"https:\/\/www.fzxinxu.com\/es\/wp-json\/wp\/v2\/product"}],"about":[{"href":"https:\/\/www.fzxinxu.com\/es\/wp-json\/wp\/v2\/types\/product"}],"replies":[{"embeddable":true,"href":"https:\/\/www.fzxinxu.com\/es\/wp-json\/wp\/v2\/comments?post=506"}],"wp:featuredmedia":[{"embeddable":true,"href":"https:\/\/www.fzxinxu.com\/es\/wp-json\/wp\/v2\/media\/487"}],"wp:attachment":[{"href":"https:\/\/www.fzxinxu.com\/es\/wp-json\/wp\/v2\/media?parent=506"}],"wp:term":[{"taxonomy":"product_brand","embeddable":true,"href":"https:\/\/www.fzxinxu.com\/es\/wp-json\/wp\/v2\/product_brand?post=506"},{"taxonomy":"product_cat","embeddable":true,"href":"https:\/\/www.fzxinxu.com\/es\/wp-json\/wp\/v2\/product_cat?post=506"},{"taxonomy":"product_tag","embeddable":true,"href":"https:\/\/www.fzxinxu.com\/es\/wp-json\/wp\/v2\/product_tag?post=506"}],"curies":[{"name":"wp","href":"https:\/\/api.w.org\/{rel}","templated":true}]}}