{"id":17,"date":"2023-07-20T15:23:34","date_gmt":"2023-07-20T15:23:34","guid":{"rendered":"https:\/\/fzxinxu.com\/?page_id=17"},"modified":"2025-09-11T15:05:17","modified_gmt":"2025-09-11T15:05:17","slug":"noticias","status":"publish","type":"page","link":"https:\/\/www.fzxinxu.com\/es\/noticias\/","title":{"rendered":"Noticias"},"content":{"rendered":"<div data-elementor-type=\"wp-page\" data-elementor-id=\"17\" class=\"elementor elementor-17\" data-elementor-post-type=\"page\">\n\t\t\t\t\t\t<section class=\"elementor-section elementor-top-section elementor-element elementor-element-e4d5e5c elementor-section-boxed elementor-section-height-default elementor-section-height-default\" data-id=\"e4d5e5c\" data-element_type=\"section\" data-e-type=\"section\" data-settings=\"{&quot;background_background&quot;:&quot;classic&quot;}\">\n\t\t\t\t\t\t<div class=\"elementor-container elementor-column-gap-default\">\n\t\t\t\t\t<div class=\"elementor-column elementor-col-100 elementor-top-column elementor-element elementor-element-af94c8f\" data-id=\"af94c8f\" data-element_type=\"column\" data-e-type=\"column\">\n\t\t\t<div class=\"elementor-widget-wrap elementor-element-populated\">\n\t\t\t\t\t\t<div class=\"elementor-element elementor-element-b033a5f elementor-widget elementor-widget-heading\" data-id=\"b033a5f\" data-element_type=\"widget\" data-e-type=\"widget\" data-widget_type=\"heading.default\">\n\t\t\t\t<div class=\"elementor-widget-container\">\n\t\t\t\t\t<h1 class=\"elementor-heading-title elementor-size-default\">Noticias<\/h1>\t\t\t\t<\/div>\n\t\t\t\t<\/div>\n\t\t\t\t\t<\/div>\n\t\t<\/div>\n\t\t\t\t\t<\/div>\n\t\t<\/section>\n\t\t\t\t<section class=\"elementor-section elementor-top-section elementor-element elementor-element-32bad13 elementor-section-boxed elementor-section-height-default elementor-section-height-default\" data-id=\"32bad13\" data-element_type=\"section\" data-e-type=\"section\" data-settings=\"{&quot;background_background&quot;:&quot;classic&quot;}\">\n\t\t\t\t\t\t<div class=\"elementor-container elementor-column-gap-default\">\n\t\t\t\t\t<div class=\"elementor-column elementor-col-100 elementor-top-column elementor-element elementor-element-747cee5\" data-id=\"747cee5\" data-element_type=\"column\" data-e-type=\"column\">\n\t\t\t<div class=\"elementor-widget-wrap elementor-element-populated\">\n\t\t\t\t\t\t<div class=\"elementor-element elementor-element-1be7a8b elementor-widget elementor-widget-woocommerce-breadcrumb\" data-id=\"1be7a8b\" data-element_type=\"widget\" data-e-type=\"widget\" data-widget_type=\"woocommerce-breadcrumb.default\">\n\t\t\t\t<div class=\"elementor-widget-container\">\n\t\t\t\t\t<nav class=\"woocommerce-breadcrumb\" aria-label=\"Breadcrumb\" data-no-translation=\"\" data-trp-gettext=\"\">Inicio<\/nav>\t\t\t\t<\/div>\n\t\t\t\t<\/div>\n\t\t\t\t\t<\/div>\n\t\t<\/div>\n\t\t\t\t\t<\/div>\n\t\t<\/section>\n\t\t\t\t<section class=\"elementor-section elementor-top-section elementor-element elementor-element-c77dbe7 elementor-section-boxed elementor-section-height-default elementor-section-height-default\" data-id=\"c77dbe7\" data-element_type=\"section\" data-e-type=\"section\">\n\t\t\t\t\t\t<div class=\"elementor-container elementor-column-gap-default\">\n\t\t\t\t\t<div class=\"elementor-column elementor-col-100 elementor-top-column elementor-element elementor-element-6e60778\" data-id=\"6e60778\" data-element_type=\"column\" data-e-type=\"column\">\n\t\t\t<div class=\"elementor-widget-wrap elementor-element-populated\">\n\t\t\t\t\t\t<div class=\"elementor-element elementor-element-8abffc6 elementor-grid-3 elementor-grid-tablet-2 elementor-grid-mobile-1 elementor-posts--thumbnail-top elementor-card-shadow-yes elementor-posts__hover-gradient elementor-widget elementor-widget-posts\" data-id=\"8abffc6\" data-element_type=\"widget\" data-e-type=\"widget\" data-settings=\"{&quot;pagination_type&quot;:&quot;numbers_and_prev_next&quot;,&quot;cards_columns&quot;:&quot;3&quot;,&quot;cards_columns_tablet&quot;:&quot;2&quot;,&quot;cards_columns_mobile&quot;:&quot;1&quot;,&quot;cards_row_gap&quot;:{&quot;unit&quot;:&quot;px&quot;,&quot;size&quot;:35,&quot;sizes&quot;:[]},&quot;cards_row_gap_tablet&quot;:{&quot;unit&quot;:&quot;px&quot;,&quot;size&quot;:&quot;&quot;,&quot;sizes&quot;:[]},&quot;cards_row_gap_mobile&quot;:{&quot;unit&quot;:&quot;px&quot;,&quot;size&quot;:&quot;&quot;,&quot;sizes&quot;:[]}}\" data-widget_type=\"posts.cards\">\n\t\t\t\t<div class=\"elementor-widget-container\">\n\t\t\t\t\t\t\t<div class=\"elementor-posts-container elementor-posts elementor-posts--skin-cards elementor-grid\" role=\"list\">\n\t\t\t\t<article class=\"elementor-post elementor-grid-item post-74 post type-post status-publish format-standard has-post-thumbnail hentry category-news\" role=\"listitem\">\n\t\t\t<div class=\"elementor-post__card\">\n\t\t\t\t<a class=\"elementor-post__thumbnail__link\" href=\"https:\/\/www.fzxinxu.com\/es\/los-circuitos-integrados-chinos-entran-en-una-edad-de-oro\/\" tabindex=\"-1\" ><div class=\"elementor-post__thumbnail\"><img fetchpriority=\"high\" decoding=\"async\" width=\"704\" height=\"493\" src=\"https:\/\/www.fzxinxu.com\/wp-content\/uploads\/2023\/07\/news-img-02.jpg\" class=\"attachment-medium_large size-medium_large wp-image-153\" alt=\"\" srcset=\"https:\/\/www.fzxinxu.com\/wp-content\/uploads\/2023\/07\/news-img-02.jpg 704w, https:\/\/www.fzxinxu.com\/wp-content\/uploads\/2023\/07\/news-img-02-600x420.jpg 600w, https:\/\/www.fzxinxu.com\/wp-content\/uploads\/2023\/07\/news-img-02-300x210.jpg 300w\" sizes=\"(max-width: 704px) 100vw, 704px\" \/><\/div><\/a>\n\t\t\t\t<div class=\"elementor-post__text\">\n\t\t\t\t<h3 class=\"elementor-post__title\">\n\t\t\t<a href=\"https:\/\/www.fzxinxu.com\/es\/los-circuitos-integrados-chinos-entran-en-una-edad-de-oro\/\" >\n\t\t\t\tLos circuitos integrados chinos entran en una edad de oro\t\t\t<\/a>\n\t\t<\/h3>\n\t\t\t\t<div class=\"elementor-post__excerpt\">\n\t\t\t<p>Peng Hongbing, subdirector del Departamento de Informaci\u00f3n Electr\u00f3nica del Ministerio de Industria y Tecnolog\u00eda de la Informaci\u00f3n, declar\u00f3 p\u00fablicamente ayer en Shenzhen: \"<\/p>\n\t\t<\/div>\n\t\t\n\t\t<a class=\"elementor-post__read-more\" href=\"https:\/\/www.fzxinxu.com\/es\/los-circuitos-integrados-chinos-entran-en-una-edad-de-oro\/\" aria-label=\"M\u00e1s informaci\u00f3n sobre Los circuitos integrados chinos entran en su edad de oro\" tabindex=\"-1\" >\n\t\t\tVer detalles \"\t\t<\/a>\n\n\t\t\t\t<\/div>\n\t\t\t\t<div class=\"elementor-post__meta-data\">\n\t\t\t\t\t<span class=\"elementor-post-date\">\n\t\t\t24 de julio de 2023\t\t<\/span>\n\t\t\t\t<\/div>\n\t\t\t\t\t<\/div>\n\t\t<\/article>\n\t\t\t\t<article class=\"elementor-post elementor-grid-item post-72 post type-post status-publish format-standard has-post-thumbnail hentry category-news\" role=\"listitem\">\n\t\t\t<div class=\"elementor-post__card\">\n\t\t\t\t<a class=\"elementor-post__thumbnail__link\" href=\"https:\/\/www.fzxinxu.com\/es\/mas-de-1-500-empresas-expusieron-en-el-pabellon-de-la-innovacion-6-18-empresas-estatales-debutaron-en-la-feria\/\" tabindex=\"-1\" ><div class=\"elementor-post__thumbnail\"><img decoding=\"async\" width=\"610\" height=\"427\" src=\"https:\/\/www.fzxinxu.com\/wp-content\/uploads\/2023\/07\/news-img-03.jpg\" class=\"attachment-medium_large size-medium_large wp-image-154\" alt=\"\" srcset=\"https:\/\/www.fzxinxu.com\/wp-content\/uploads\/2023\/07\/news-img-03.jpg 610w, https:\/\/www.fzxinxu.com\/wp-content\/uploads\/2023\/07\/news-img-03-600x420.jpg 600w, https:\/\/www.fzxinxu.com\/wp-content\/uploads\/2023\/07\/news-img-03-300x210.jpg 300w\" sizes=\"(max-width: 610px) 100vw, 610px\" \/><\/div><\/a>\n\t\t\t\t<div class=\"elementor-post__text\">\n\t\t\t\t<h3 class=\"elementor-post__title\">\n\t\t\t<a href=\"https:\/\/www.fzxinxu.com\/es\/mas-de-1-500-empresas-expusieron-en-el-pabellon-de-la-innovacion-6-18-empresas-estatales-debutaron-en-la-feria\/\" >\n\t\t\t\tM\u00e1s de 1.500 empresas participar\u00e1n en la exposici\u00f3n inaugural del Pabell\u00f3n de Innovaci\u00f3n de Empresas Estatales \"6-18\t\t\t<\/a>\n\t\t<\/h3>\n\t\t\t\t<div class=\"elementor-post__excerpt\">\n\t\t\t<p>FUZHOU, 18 de junio (Yu Suanfang) - El 18 de junio, el 16\u00ba Congreso de China<\/p>\n\t\t<\/div>\n\t\t\n\t\t<a class=\"elementor-post__read-more\" href=\"https:\/\/www.fzxinxu.com\/es\/mas-de-1-500-empresas-expusieron-en-el-pabellon-de-la-innovacion-6-18-empresas-estatales-debutaron-en-la-feria\/\" aria-label=\"M\u00e1s informaci\u00f3n sobre M\u00e1s de 1.500 empresas participar\u00e1n en \u201c6-18\u201d El Pabell\u00f3n de la Innovaci\u00f3n de las Empresas Estatales debuta en la feria\" tabindex=\"-1\" >\n\t\t\tVer detalles \"\t\t<\/a>\n\n\t\t\t\t<\/div>\n\t\t\t\t<div class=\"elementor-post__meta-data\">\n\t\t\t\t\t<span class=\"elementor-post-date\">\n\t\t\t24 de julio de 2023\t\t<\/span>\n\t\t\t\t<\/div>\n\t\t\t\t\t<\/div>\n\t\t<\/article>\n\t\t\t\t<article class=\"elementor-post elementor-grid-item post-70 post type-post status-publish format-standard has-post-thumbnail hentry category-news\" role=\"listitem\">\n\t\t\t<div class=\"elementor-post__card\">\n\t\t\t\t<a class=\"elementor-post__thumbnail__link\" href=\"https:\/\/www.fzxinxu.com\/es\/fujian-celebra-una-reunion-de-acoplamiento-de-resultados-de-proyectos-de-tecnologia-de-doble-uso-para-promover-la-integracion-civil-militar\/\" tabindex=\"-1\" ><div class=\"elementor-post__thumbnail\"><img decoding=\"async\" width=\"768\" height=\"538\" src=\"https:\/\/www.fzxinxu.com\/wp-content\/uploads\/2023\/07\/news-img-01-768x538.jpg\" class=\"attachment-medium_large size-medium_large wp-image-152\" alt=\"\" srcset=\"https:\/\/www.fzxinxu.com\/wp-content\/uploads\/2023\/07\/news-img-01-768x538.jpg 768w, https:\/\/www.fzxinxu.com\/wp-content\/uploads\/2023\/07\/news-img-01-600x420.jpg 600w, https:\/\/www.fzxinxu.com\/wp-content\/uploads\/2023\/07\/news-img-01-300x210.jpg 300w, https:\/\/www.fzxinxu.com\/wp-content\/uploads\/2023\/07\/news-img-01-1024x717.jpg 1024w, https:\/\/www.fzxinxu.com\/wp-content\/uploads\/2023\/07\/news-img-01-1536x1075.jpg 1536w, https:\/\/www.fzxinxu.com\/wp-content\/uploads\/2023\/07\/news-img-01.jpg 1543w\" sizes=\"(max-width: 768px) 100vw, 768px\" \/><\/div><\/a>\n\t\t\t\t<div class=\"elementor-post__text\">\n\t\t\t\t<h3 class=\"elementor-post__title\">\n\t\t\t<a href=\"https:\/\/www.fzxinxu.com\/es\/fujian-celebra-una-reunion-de-acoplamiento-de-resultados-de-proyectos-de-tecnologia-de-doble-uso-para-promover-la-integracion-civil-militar\/\" >\n\t\t\t\tFujian celebra una reuni\u00f3n de acoplamiento de resultados de proyectos de tecnolog\u00eda de doble uso para promover proyectos de integraci\u00f3n civil-militar sobre el terreno\t\t\t<\/a>\n\t\t<\/h3>\n\t\t\t\t<div class=\"elementor-post__excerpt\">\n\t\t\t<p>En la ma\u00f1ana del 19 de junio, se celebr\u00f3 en Fuzhou la Reuni\u00f3n de Matchmaking de Logros de Proyectos de Tecnolog\u00eda de Doble Uso de Fujian.<\/p>\n\t\t<\/div>\n\t\t\n\t\t<a class=\"elementor-post__read-more\" href=\"https:\/\/www.fzxinxu.com\/es\/fujian-celebra-una-reunion-de-acoplamiento-de-resultados-de-proyectos-de-tecnologia-de-doble-uso-para-promover-la-integracion-civil-militar\/\" aria-label=\"M\u00e1s informaci\u00f3n sobre Fujian celebra una reuni\u00f3n de coordinaci\u00f3n de proyectos tecnol\u00f3gicos de doble uso para promover proyectos de integraci\u00f3n civil y militar\" tabindex=\"-1\" >\n\t\t\tVer detalles \"\t\t<\/a>\n\n\t\t\t\t<\/div>\n\t\t\t\t<div class=\"elementor-post__meta-data\">\n\t\t\t\t\t<span class=\"elementor-post-date\">\n\t\t\t24 de julio de 2023\t\t<\/span>\n\t\t\t\t<\/div>\n\t\t\t\t\t<\/div>\n\t\t<\/article>\n\t\t\t\t<\/div>\n\t\t\n\t\t\t\t\t\t<\/div>\n\t\t\t\t<\/div>\n\t\t\t\t\t<\/div>\n\t\t<\/div>\n\t\t\t\t\t<\/div>\n\t\t<\/section>\n\t\t\t\t<\/div>","protected":false},"excerpt":{"rendered":"<p>Noticias<\/p>","protected":false},"author":1,"featured_media":0,"parent":0,"menu_order":0,"comment_status":"closed","ping_status":"closed","template":"","meta":{"footnotes":""},"class_list":["post-17","page","type-page","status-publish","hentry"],"yoast_head":"<!-- This site is optimized with the Yoast SEO plugin v27.4 - https:\/\/yoast.com\/product\/yoast-seo-wordpress\/ -->\n<title>\u65b0\u95fb\u8d44\u8baf - \u798f\u5dde\u82af\u65ed\u79d1\u6280- \u4e13\u6ce8\u4e8e\u5c01\u88c5\u5916\u58f3| \u5c01\u88c5\u914d\u4ef6| IC\u5c01\u88c5| \u591a\u5c42\u9676\u74f7\u5916\u58f3 | \u9ed1\u9676\u74f7\u5916\u58f3 | \u5fae\u6676\u73bb\u7483\u5916\u58f3 | T0\u7ba1\u5e3d | \u8fc7\u5ea6\u7247 | \u53ef\u4f10\u6846 | \u91d1\u5c5e\u4e0a\u76d6 | \u5f15\u7ebf\u6846\u67b6 | \u4eca\u9521\u76d6\u677f<\/title>\n<meta name=\"robots\" content=\"index, follow, max-snippet:-1, max-image-preview:large, max-video-preview:-1\" \/>\n<link rel=\"canonical\" href=\"https:\/\/www.fzxinxu.com\/es\/noticias\/\" \/>\n<meta property=\"og:locale\" content=\"es_ES\" \/>\n<meta property=\"og:type\" content=\"article\" \/>\n<meta property=\"og:title\" content=\"\u65b0\u95fb\u8d44\u8baf - \u798f\u5dde\u82af\u65ed\u79d1\u6280- \u4e13\u6ce8\u4e8e\u5c01\u88c5\u5916\u58f3| \u5c01\u88c5\u914d\u4ef6| IC\u5c01\u88c5| \u591a\u5c42\u9676\u74f7\u5916\u58f3 | \u9ed1\u9676\u74f7\u5916\u58f3 | \u5fae\u6676\u73bb\u7483\u5916\u58f3 | T0\u7ba1\u5e3d | \u8fc7\u5ea6\u7247 | \u53ef\u4f10\u6846 | \u91d1\u5c5e\u4e0a\u76d6 | \u5f15\u7ebf\u6846\u67b6 | \u4eca\u9521\u76d6\u677f\" \/>\n<meta property=\"og:description\" content=\"\u65b0\u95fb\u8d44\u8baf\" \/>\n<meta property=\"og:url\" content=\"https:\/\/www.fzxinxu.com\/es\/noticias\/\" \/>\n<meta property=\"og:site_name\" content=\"\u798f\u5dde\u82af\u65ed\u79d1\u6280- \u4e13\u6ce8\u4e8e\u5c01\u88c5\u5916\u58f3| \u5c01\u88c5\u914d\u4ef6| IC\u5c01\u88c5| \u591a\u5c42\u9676\u74f7\u5916\u58f3 | \u9ed1\u9676\u74f7\u5916\u58f3 | \u5fae\u6676\u73bb\u7483\u5916\u58f3 | T0\u7ba1\u5e3d | \u8fc7\u5ea6\u7247 | \u53ef\u4f10\u6846 | \u91d1\u5c5e\u4e0a\u76d6 | \u5f15\u7ebf\u6846\u67b6 | \u4eca\u9521\u76d6\u677f\" \/>\n<meta property=\"article:modified_time\" content=\"2025-09-11T15:05:17+00:00\" \/>\n<meta name=\"twitter:card\" content=\"summary_large_image\" \/>\n<script type=\"application\/ld+json\" class=\"yoast-schema-graph\">{\"@context\":\"https:\\\/\\\/schema.org\",\"@graph\":[{\"@type\":\"WebPage\",\"@id\":\"https:\\\/\\\/www.fzxinxu.com\\\/news\\\/\",\"url\":\"https:\\\/\\\/www.fzxinxu.com\\\/news\\\/\",\"name\":\"\u65b0\u95fb\u8d44\u8baf - \u798f\u5dde\u82af\u65ed\u79d1\u6280- \u4e13\u6ce8\u4e8e\u5c01\u88c5\u5916\u58f3| \u5c01\u88c5\u914d\u4ef6| IC\u5c01\u88c5| \u591a\u5c42\u9676\u74f7\u5916\u58f3 | \u9ed1\u9676\u74f7\u5916\u58f3 | \u5fae\u6676\u73bb\u7483\u5916\u58f3 | T0\u7ba1\u5e3d | \u8fc7\u5ea6\u7247 | \u53ef\u4f10\u6846 | \u91d1\u5c5e\u4e0a\u76d6 | \u5f15\u7ebf\u6846\u67b6 | \u4eca\u9521\u76d6\u677f\",\"isPartOf\":{\"@id\":\"https:\\\/\\\/www.fzxinxu.com\\\/#website\"},\"datePublished\":\"2023-07-20T15:23:34+00:00\",\"dateModified\":\"2025-09-11T15:05:17+00:00\",\"breadcrumb\":{\"@id\":\"https:\\\/\\\/www.fzxinxu.com\\\/news\\\/#breadcrumb\"},\"inLanguage\":\"es\",\"potentialAction\":[{\"@type\":\"ReadAction\",\"target\":[\"https:\\\/\\\/www.fzxinxu.com\\\/news\\\/\"]}]},{\"@type\":\"BreadcrumbList\",\"@id\":\"https:\\\/\\\/www.fzxinxu.com\\\/news\\\/#breadcrumb\",\"itemListElement\":[{\"@type\":\"ListItem\",\"position\":1,\"name\":\"\u9996\u9875\",\"item\":\"https:\\\/\\\/www.fzxinxu.com\\\/\"},{\"@type\":\"ListItem\",\"position\":2,\"name\":\"\u65b0\u95fb\u8d44\u8baf\"}]},{\"@type\":\"WebSite\",\"@id\":\"https:\\\/\\\/www.fzxinxu.com\\\/#website\",\"url\":\"https:\\\/\\\/www.fzxinxu.com\\\/\",\"name\":\"\u798f\u5dde\u82af\u65ed\u79d1\u6280- \u4e13\u6ce8\u4e8e\u5c01\u88c5\u5916\u58f3| \u5c01\u88c5\u914d\u4ef6| IC\u5c01\u88c5| \u591a\u5c42\u9676\u74f7\u5916\u58f3 | \u9ed1\u9676\u74f7\u5916\u58f3 | \u5fae\u6676\u73bb\u7483\u5916\u58f3 | T0\u7ba1\u5e3d | \u8fc7\u5ea6\u7247 | \u53ef\u4f10\u6846 | \u91d1\u5c5e\u4e0a\u76d6 | \u5f15\u7ebf\u6846\u67b6 | \u4eca\u9521\u76d6\u677f\",\"description\":\"\",\"potentialAction\":[{\"@type\":\"SearchAction\",\"target\":{\"@type\":\"EntryPoint\",\"urlTemplate\":\"https:\\\/\\\/www.fzxinxu.com\\\/?s={search_term_string}\"},\"query-input\":{\"@type\":\"PropertyValueSpecification\",\"valueRequired\":true,\"valueName\":\"search_term_string\"}}],\"inLanguage\":\"es\"}]}<\/script>\n<!-- \/ Yoast SEO plugin. -->","yoast_head_json":{"title":"Noticias - Fuzhou Xinxu Technology - Envolventes de Embalaje | Accesorios de Embalaje | Embalaje de Circuitos Integrados | Envolvente Cer\u00e1mico Multicapa | Envolvente Cer\u00e1mico Negro | Envolvente de Vidrio Microcristalino | Tapa T0 | L\u00e1mina Excedente | Marcos Desmontables | Tapas Met\u00e1licas Superiores | Leadframes | Cubiertas Esta\u00f1adas Today","robots":{"index":"index","follow":"follow","max-snippet":"max-snippet:-1","max-image-preview":"max-image-preview:large","max-video-preview":"max-video-preview:-1"},"canonical":"https:\/\/www.fzxinxu.com\/es\/noticias\/","og_locale":"es_ES","og_type":"article","og_title":"\u65b0\u95fb\u8d44\u8baf - \u798f\u5dde\u82af\u65ed\u79d1\u6280- \u4e13\u6ce8\u4e8e\u5c01\u88c5\u5916\u58f3| \u5c01\u88c5\u914d\u4ef6| IC\u5c01\u88c5| \u591a\u5c42\u9676\u74f7\u5916\u58f3 | \u9ed1\u9676\u74f7\u5916\u58f3 | \u5fae\u6676\u73bb\u7483\u5916\u58f3 | T0\u7ba1\u5e3d | \u8fc7\u5ea6\u7247 | \u53ef\u4f10\u6846 | \u91d1\u5c5e\u4e0a\u76d6 | \u5f15\u7ebf\u6846\u67b6 | \u4eca\u9521\u76d6\u677f","og_description":"\u65b0\u95fb\u8d44\u8baf","og_url":"https:\/\/www.fzxinxu.com\/es\/noticias\/","og_site_name":"\u798f\u5dde\u82af\u65ed\u79d1\u6280- \u4e13\u6ce8\u4e8e\u5c01\u88c5\u5916\u58f3| \u5c01\u88c5\u914d\u4ef6| IC\u5c01\u88c5| \u591a\u5c42\u9676\u74f7\u5916\u58f3 | \u9ed1\u9676\u74f7\u5916\u58f3 | \u5fae\u6676\u73bb\u7483\u5916\u58f3 | T0\u7ba1\u5e3d | \u8fc7\u5ea6\u7247 | \u53ef\u4f10\u6846 | \u91d1\u5c5e\u4e0a\u76d6 | \u5f15\u7ebf\u6846\u67b6 | \u4eca\u9521\u76d6\u677f","article_modified_time":"2025-09-11T15:05:17+00:00","twitter_card":"summary_large_image","schema":{"@context":"https:\/\/schema.org","@graph":[{"@type":"WebPage","@id":"https:\/\/www.fzxinxu.com\/news\/","url":"https:\/\/www.fzxinxu.com\/news\/","name":"Noticias - Fuzhou Xinxu Technology - Envolventes de Embalaje | Accesorios de Embalaje | Embalaje de Circuitos Integrados | Envolvente Cer\u00e1mico Multicapa | Envolvente Cer\u00e1mico Negro | Envolvente de Vidrio Microcristalino | Tapa T0 | L\u00e1mina Excedente | Marcos Desmontables | Tapas Met\u00e1licas Superiores | Leadframes | Cubiertas Esta\u00f1adas Today","isPartOf":{"@id":"https:\/\/www.fzxinxu.com\/#website"},"datePublished":"2023-07-20T15:23:34+00:00","dateModified":"2025-09-11T15:05:17+00:00","breadcrumb":{"@id":"https:\/\/www.fzxinxu.com\/news\/#breadcrumb"},"inLanguage":"es","potentialAction":[{"@type":"ReadAction","target":["https:\/\/www.fzxinxu.com\/news\/"]}]},{"@type":"BreadcrumbList","@id":"https:\/\/www.fzxinxu.com\/news\/#breadcrumb","itemListElement":[{"@type":"ListItem","position":1,"name":"\u9996\u9875","item":"https:\/\/www.fzxinxu.com\/"},{"@type":"ListItem","position":2,"name":"\u65b0\u95fb\u8d44\u8baf"}]},{"@type":"WebSite","@id":"https:\/\/www.fzxinxu.com\/#website","url":"https:\/\/www.fzxinxu.com\/","name":"Corex Technology - Enfoque en Envolventes de Embalaje | Accesorios de Embalaje | Embalaje de CI | Envolvente Cer\u00e1mico Multicapa | Envolvente Cer\u00e1mico Negro | Envolvente de Vidrio Microcristalino | Tapa T0 | Leng\u00fcetas de Exceso | Marcos Desmontables | Tapas Superiores Met\u00e1licas | Leadframes | Tapas Esta\u00f1adas en la Actualidad","description":"","potentialAction":[{"@type":"SearchAction","target":{"@type":"EntryPoint","urlTemplate":"https:\/\/www.fzxinxu.com\/?s={search_term_string}"},"query-input":{"@type":"PropertyValueSpecification","valueRequired":true,"valueName":"search_term_string"}}],"inLanguage":"es"}]}},"_links":{"self":[{"href":"https:\/\/www.fzxinxu.com\/es\/wp-json\/wp\/v2\/pages\/17","targetHints":{"allow":["GET"]}}],"collection":[{"href":"https:\/\/www.fzxinxu.com\/es\/wp-json\/wp\/v2\/pages"}],"about":[{"href":"https:\/\/www.fzxinxu.com\/es\/wp-json\/wp\/v2\/types\/page"}],"author":[{"embeddable":true,"href":"https:\/\/www.fzxinxu.com\/es\/wp-json\/wp\/v2\/users\/1"}],"replies":[{"embeddable":true,"href":"https:\/\/www.fzxinxu.com\/es\/wp-json\/wp\/v2\/comments?post=17"}],"version-history":[{"count":13,"href":"https:\/\/www.fzxinxu.com\/es\/wp-json\/wp\/v2\/pages\/17\/revisions"}],"predecessor-version":[{"id":794,"href":"https:\/\/www.fzxinxu.com\/es\/wp-json\/wp\/v2\/pages\/17\/revisions\/794"}],"wp:attachment":[{"href":"https:\/\/www.fzxinxu.com\/es\/wp-json\/wp\/v2\/media?parent=17"}],"curies":[{"name":"wp","href":"https:\/\/api.w.org\/{rel}","templated":true}]}}